{"id":3156,"date":"2021-10-10T19:43:16","date_gmt":"2021-10-10T19:43:16","guid":{"rendered":"https:\/\/carmenhernandez.org\/nachricht-gesendet\/"},"modified":"2023-02-14T20:28:59","modified_gmt":"2023-02-14T20:28:59","slug":"nachricht-gesendet","status":"publish","type":"page","link":"https:\/\/carmenhernandez.org\/de\/nachricht-gesendet\/","title":{"rendered":"Nachricht gesendet"},"content":{"rendered":"\n<div style=\"height:30px\" aria-hidden=\"true\" class=\"wp-block-spacer\"><\/div>\n\n<figure class=\"wp-block-pullquote\"><blockquote><p>Ihre Nachricht wurde korrekt gesendet<\/p><cite>Wir werden Ihnen gegebenenfalls an die von Ihnen im Formular angegebene E-Mail-Adresse antworten.<\/cite><\/blockquote><\/figure>\n\n<div style=\"height:20px\" aria-hidden=\"true\" class=\"wp-block-spacer\"><\/div>\n\n<p class=\"has-text-align-left\">Wir haben Ihre Mail mit dem Zeugnis von der F\u00fcrsprache Carmens erhalten. Wir werden es zu den &#8222;Dokumenten&#8220; hinzuf\u00fcgen, die f\u00fcr ihr Seligsprechungsverfahren notwendig sind. Vielen Dank. Der Friede. Neokatechumenales Zentrum Madrid.<\/p>\n\n<div style=\"height:18px\" aria-hidden=\"true\" class=\"wp-block-spacer\"><\/div>\n\n<hr class=\"wp-block-separator is-style-wide\" \/>\n","protected":false},"excerpt":{"rendered":"<p>Ihre Nachricht wurde korrekt gesendet Wir werden Ihnen gegebenenfalls an die von Ihnen im Formular angegebene E-Mail-Adresse antworten. Wir haben Ihre Mail mit dem Zeugnis von der F\u00fcrsprache Carmens erhalten. Wir werden es zu den &#8222;Dokumenten&#8220; hinzuf\u00fcgen, die f\u00fcr ihr Seligsprechungsverfahren notwendig sind. Vielen Dank. Der Friede. Neokatechumenales Zentrum Madrid.<\/p>\n","protected":false},"author":3,"featured_media":722,"parent":0,"menu_order":0,"comment_status":"closed","ping_status":"closed","template":"","meta":{"footnotes":""},"class_list":["post-3156","page","type-page","status-publish","has-post-thumbnail","hentry"],"_links":{"self":[{"href":"https:\/\/carmenhernandez.org\/de\/wp-json\/wp\/v2\/pages\/3156","targetHints":{"allow":["GET"]}}],"collection":[{"href":"https:\/\/carmenhernandez.org\/de\/wp-json\/wp\/v2\/pages"}],"about":[{"href":"https:\/\/carmenhernandez.org\/de\/wp-json\/wp\/v2\/types\/page"}],"author":[{"embeddable":true,"href":"https:\/\/carmenhernandez.org\/de\/wp-json\/wp\/v2\/users\/3"}],"replies":[{"embeddable":true,"href":"https:\/\/carmenhernandez.org\/de\/wp-json\/wp\/v2\/comments?post=3156"}],"version-history":[{"count":1,"href":"https:\/\/carmenhernandez.org\/de\/wp-json\/wp\/v2\/pages\/3156\/revisions"}],"predecessor-version":[{"id":3157,"href":"https:\/\/carmenhernandez.org\/de\/wp-json\/wp\/v2\/pages\/3156\/revisions\/3157"}],"wp:featuredmedia":[{"embeddable":true,"href":"https:\/\/carmenhernandez.org\/de\/wp-json\/wp\/v2\/media\/722"}],"wp:attachment":[{"href":"https:\/\/carmenhernandez.org\/de\/wp-json\/wp\/v2\/media?parent=3156"}],"curies":[{"name":"wp","href":"https:\/\/api.w.org\/{rel}","templated":true}]}}