{"id":3158,"date":"2021-11-22T15:48:23","date_gmt":"2021-11-22T15:48:23","guid":{"rendered":"https:\/\/carmenhernandez.org\/kontakt\/"},"modified":"2025-12-03T02:36:12","modified_gmt":"2025-12-03T02:36:12","slug":"kontakt","status":"publish","type":"page","link":"https:\/\/carmenhernandez.org\/de\/kontakt\/","title":{"rendered":"Kontakt"},"content":{"rendered":"\n<figure class=\"wp-block-image size-large hide-large-screen\"><img loading=\"lazy\" decoding=\"async\" width=\"1024\" height=\"706\" src=\"https:\/\/carmenhernandez.org\/wp-content\/uploads\/2021\/06\/carmen-hernandez-camino-neocatecumenal-israel-1024x706.jpg\" alt=\"Carmen Hernandez w&#xE4;hrend einer Katechese in Israel\" class=\"wp-image-259\" srcset=\"https:\/\/carmenhernandez.org\/wp-content\/uploads\/2021\/06\/carmen-hernandez-camino-neocatecumenal-israel-1024x706.jpg 1024w, https:\/\/carmenhernandez.org\/wp-content\/uploads\/2021\/06\/carmen-hernandez-camino-neocatecumenal-israel-300x207.jpg 300w, https:\/\/carmenhernandez.org\/wp-content\/uploads\/2021\/06\/carmen-hernandez-camino-neocatecumenal-israel-768x529.jpg 768w, https:\/\/carmenhernandez.org\/wp-content\/uploads\/2021\/06\/carmen-hernandez-camino-neocatecumenal-israel.jpg 1451w\" sizes=\"auto, (max-width: 1024px) 100vw, 1024px\" \/><\/figure>\n\n<h5 class=\"wp-block-heading has-text-align-center\"><strong>Gnaden &#8211; Gunsterweise<\/strong><\/h5>\n\n<p>Nutzen Sie dieses Kontaktformular, um uns Ihre Erfahrungen mitzuteilen, wenn Sie sich mit Ihren Bitten an die F\u00fcrsprache von Carmen Hernandez gewandt haben. Alles, was Sie uns zusenden, wird mit h\u00f6chster Vertraulichkeit behandelt. Sie k\u00f6nnen uns auch Ihre Anregungen und Fragen schicken, wir werden Ihnen an die E-Mail-Adresse antworten, die Sie im Formular angegeben haben.<\/p>\n\n<div role=\"form\" class=\"wpcf7\" id=\"wpcf7-f73-p26-o1\" lang=\"de-DE\" dir=\"ltr\">\r\n\t<div class=\"screen-reader-response\" role=\"alert\" aria-live=\"polite\"><\/div>\r\n\t<form action=\"\/wp-content\/themes\/soho\/mail.php\" method=\"post\" class=\"wpcf7-form init\" id=\"contactForm_de\">\r\n\t\t<input type=\"hidden\" name=\"form_lng\" value=\"de\"\/>\t\t\r\n\t\t\r\n        <p>Name<br\/>\r\n    \t\t<span class=\"wpcf7-form-control-wrap your-name\"><input type=\"text\" id=\"name\" name=\"name\" value=\"\" size=\"40\" class=\"wpcf7-form-control wpcf7-text wpcf7-validates-as-required\" aria-required=\"true\" aria-invalid=\"false\" required=\"\"\/><\/span> <\/p>\r\n\t\t\r\n        <p>Email Adresse<br\/>\r\n    \t\t<span class=\"wpcf7-form-control-wrap your-email\"><input type=\"email\" id=\"mail\" name=\"email\" value=\"\" size=\"40\" class=\"wpcf7-form-control wpcf7-text wpcf7-email wpcf7-validates-as-required wpcf7-validates-as-email\" aria-required=\"true\" aria-invalid=\"false\" required=\"\"\/><\/span> <\/p>\r\n\r\n        <p>Stadt<br\/>\r\n    \t\t<span class=\"wpcf7-form-control-wrap your-email\"><input type=\"text\" id=\"city\" name=\"city\" value=\"\" size=\"40\" class=\"wpcf7-form-control wpcf7-text wpcf7-validates-as-required\" aria-required=\"true\" aria-invalid=\"false\" required=\"\"\/><\/span> <\/p>\t\t\r\n        \r\n        <p>Land<br\/>\r\n    \t\t<span class=\"wpcf7-form-control-wrap your-email\"><input type=\"text\" id=\"country\" name=\"country\" value=\"\" size=\"40\" class=\"wpcf7-form-control wpcf7-text wpcf7-validates-as-required\" aria-required=\"true\" aria-invalid=\"false\" required=\"\"\/><\/span> <\/p>\r\n\t  \t\r\n        <p>Betreff<br\/>\r\n    \t\t<span class=\"wpcf7-form-control-wrap your-subject\"><input type=\"text\" id=\"subject\" name=\"subject\" value=\"\" size=\"40\" class=\"wpcf7-form-control wpcf7-text\" aria-invalid=\"false\" required=\"\"\/><\/span> <\/p>\r\n\t\t\r\n        <p>Ihre Nachricht<br\/>\r\n    \t\t<span class=\"wpcf7-form-control-wrap your-message\"><textarea id=\"message\" name=\"message\" cols=\"40\" rows=\"10\" class=\"wpcf7-form-control wpcf7-textarea\" aria-invalid=\"false\" required=\"\"><\/textarea><\/span> <\/p>\r\n\r\n\t\t<p style=\"text-align: center;\">Ver\u00f6ffentlichen<br\/>\r\n    \t\t<span class=\"wpcf7-form-control-wrap your-name\"><input type=\"checkbox\" id=\"id_publish\" name=\"id_publish\" class=\"wpcf7-form-control wpcf7-text wpcf7-validates-as-required\" aria-required=\"true\" aria-invalid=\"false\"\/><\/span><\/p>\r\n            <p style=\"text-align: justify;\">Kreuzen Sie das K\u00e4stchen an, wenn Sie die Ver\u00f6ffentlichung der Gunst erlauben. Die Ver\u00f6ffentlichung von Gunstbezeugungen tr\u00e4gt dazu bei, die Andacht zu verbreiten und die Wirksamkeit der F\u00fcrbitte dieser Person bei Gott zu dokumentieren. Um die Privatsph\u00e4re zu sch\u00fctzen, wird die Geschichte nur mit Ihren Initialen und Ihrem Land ver\u00f6ffentlicht.<\/p>\r\n\r\n<p><br\/><\/p><div class=\"g-recaptcha\" data-sitekey=\"6LfYgf4cAAAAAHAXPKsW4P-TG-_B72t6YdVc8kJX\"><\/div>\r\n\r\n<p><br\/><input type=\"submit\" value=\"Schicken\" class=\"wpcf7-form-control wpcf7-submit\"\/><\/p>\r\n\r\n\t\t<div class=\"wpcf7-response-output\" role=\"alert\" aria-hidden=\"true\"><\/div>\r\n\t<\/form>\r\n<\/div>\n\n<div style=\"height:30px\" aria-hidden=\"true\" class=\"wp-block-spacer\"><\/div>\n\n<hr class=\"wp-block-separator has-css-opacity alignwide\"\/>\n\n<h5 class=\"wp-block-heading has-text-align-center\"><strong>Gnaden &#8211; Gunsterweise<\/strong><\/h5>\n\n<h4 class=\"wp-block-heading has-text-align-center\"><a href=\"mailto:carmenhernandez@ffn.es\" target=\"_blank\" rel=\"noreferrer noopener\">carmenhernandez@ffn.es<\/a><\/h4>\n\n<hr class=\"wp-block-separator has-css-opacity is-style-default\"\/>\n\n<div style=\"height:30px\" aria-hidden=\"true\" class=\"wp-block-spacer\"><\/div>\n<div class=\"wp-block-image\">\n<figure class=\"aligncenter size-large\"><img loading=\"lazy\" decoding=\"async\" width=\"1024\" height=\"683\" src=\"https:\/\/carmenhernandez.org\/wp-content\/uploads\/2021\/06\/carmen-hernandez-camino-neocatecumenal-tumba-seminario-redeptoris-mater-madrid-1024x683.jpg\" alt=\"Das Grab von Carmen Hernandez im Seminar Redemptoris Mater Madrid\" class=\"wp-image-249\" srcset=\"https:\/\/carmenhernandez.org\/wp-content\/uploads\/2021\/06\/carmen-hernandez-camino-neocatecumenal-tumba-seminario-redeptoris-mater-madrid-1024x683.jpg 1024w, https:\/\/carmenhernandez.org\/wp-content\/uploads\/2021\/06\/carmen-hernandez-camino-neocatecumenal-tumba-seminario-redeptoris-mater-madrid-300x200.jpg 300w, https:\/\/carmenhernandez.org\/wp-content\/uploads\/2021\/06\/carmen-hernandez-camino-neocatecumenal-tumba-seminario-redeptoris-mater-madrid-768x512.jpg 768w, https:\/\/carmenhernandez.org\/wp-content\/uploads\/2021\/06\/carmen-hernandez-camino-neocatecumenal-tumba-seminario-redeptoris-mater-madrid.jpg 1500w\" sizes=\"auto, (max-width: 1024px) 100vw, 1024px\" \/><\/figure>\n<\/div>\n<hr class=\"wp-block-separator has-css-opacity\"\/>\n\n<h6 class=\"wp-block-heading has-text-align-center\"><strong>Um das Grab von Carmen Hernandez zu besichtigen, senden Sie eine Mail an:<\/strong><\/h6>\n\n<h5 class=\"wp-block-heading has-text-align-center\"><a href=\"mailto:visitas@carmenhernandez.info\" target=\"_blank\" rel=\"noreferrer noopener\">visitas@carmenhernandez.info<\/a><\/h5>\n\n<hr class=\"wp-block-separator has-css-opacity\"\/>\n\n<h6 class=\"wp-block-heading has-text-align-center has-text-color\" style=\"color:#003ea1\"><strong>Tudela und Javier<\/strong><\/h6>\n\n<h5 class=\"wp-block-heading has-text-align-center\"><a href=\"mailto:pamplona.tudela.cn@gmail.com\" target=\"_blank\" rel=\"noreferrer noopener\">pamplona.tudela.cn@gmail.com<\/a><\/h5>\n\n<div class=\"wp-block-buttons is-content-justification-center is-layout-flex wp-container-core-buttons-is-layout-16018d1d wp-block-buttons-is-layout-flex\">\n<div class=\"wp-block-button\"><a class=\"wp-block-button__link has-text-align-center wp-element-button\" href=\"https:\/\/carmenhernandez.org\/de\/carmen-hernandez-soria-und-navarra\/\">Mehr Informationen<\/a><\/div>\n<\/div>\n\n<hr class=\"wp-block-separator has-alpha-channel-opacity\"\/>\n\n<h6 class=\"wp-block-heading has-text-align-center has-text-color\" style=\"color:#003ea1\"><strong>Olvega<\/strong><\/h6>\n\n<h5 class=\"wp-block-heading has-text-align-center\"><a href=\"mailto:carmen.hernandez.olvega@gmail.com\" target=\"_blank\" rel=\"noreferrer noopener\">carmen.hernandez.olvega@gmail.com<\/a><\/h5>\n\n<div class=\"wp-block-buttons is-content-justification-center is-layout-flex wp-container-core-buttons-is-layout-16018d1d wp-block-buttons-is-layout-flex\">\n<div class=\"wp-block-button\"><a class=\"wp-block-button__link has-text-align-center wp-element-button\" href=\"https:\/\/carmenhernandez.org\/de\/carmen-hernandez-soria-und-navarra\/\">Mehr Informationen<\/a><\/div>\n<\/div>\n\n<hr class=\"wp-block-separator has-alpha-channel-opacity\"\/>\n\n<h6 class=\"wp-block-heading has-text-align-center has-text-color\" style=\"color:#003ea1\"><strong>Barcelona<\/strong><\/h6>\n\n<h5 class=\"wp-block-heading has-text-align-center\"><a href=\"mailto:f.xaviervila@gmail.com\" target=\"_blank\" rel=\"noreferrer noopener\">f.xaviervila@gmail.com<\/a><\/h5>\n\n<h5 class=\"wp-block-heading has-text-align-center\"><a href=\"mailto:franciscopelufo@gmail.com\" target=\"_blank\" rel=\"noreferrer noopener\">franciscopelufo@gmail.com<\/a><\/h5>\n\n<div class=\"wp-block-buttons is-content-justification-center is-layout-flex wp-container-core-buttons-is-layout-16018d1d wp-block-buttons-is-layout-flex\">\n<div class=\"wp-block-button\"><a class=\"wp-block-button__link has-text-align-center wp-element-button\" href=\"https:\/\/carmenhernandez.org\/de\/carmen-hernandez-barcelona-spanien\/\">Mehr Informationen<\/a><\/div>\n<\/div>\n\n<hr class=\"wp-block-separator has-alpha-channel-opacity\"\/>\n\n<h6 class=\"wp-block-heading has-text-align-center has-text-color\" style=\"color:#003ea1\"><strong>Zaragoza<\/strong><\/h6>\n\n<h5 class=\"wp-block-heading has-text-align-center\"><a href=\"mailto:peregrinacioneszaragoza.cn@gmail.com\" target=\"_blank\" rel=\"noreferrer noopener\">peregrinacioneszaragoza.cn@gmail.com<\/a><\/h5>\n\n<div class=\"wp-block-buttons is-content-justification-center is-layout-flex wp-container-core-buttons-is-layout-16018d1d wp-block-buttons-is-layout-flex\">\n<div class=\"wp-block-button\"><a class=\"wp-block-button__link has-text-align-center wp-element-button\" href=\"https:\/\/neocatechumenaleiter.org\/de\/wallfahrten-nach-saragossa-spanien\/\" target=\"_blank\" rel=\"noreferrer noopener\">Mehr Informationen<\/a><\/div>\n<\/div>\n\n<hr class=\"wp-block-separator has-alpha-channel-opacity\"\/>\n\n<h6 class=\"wp-block-heading has-text-align-center has-text-color\" style=\"color:#003ea1\"><strong>Barbastro<\/strong><\/h6>\n\n<h5 class=\"wp-block-heading has-text-align-center\"><a href=\"mailto:peregrinacionesbarbastro.cn@gmail.com\" target=\"_blank\" rel=\"noreferrer noopener\">peregrinacionesbarbastro.cn@gmail.com<\/a><\/h5>\n\n<div class=\"wp-block-buttons is-content-justification-center is-layout-flex wp-container-core-buttons-is-layout-16018d1d wp-block-buttons-is-layout-flex\">\n<div class=\"wp-block-button\"><a class=\"wp-block-button__link has-text-align-center wp-element-button\" href=\"https:\/\/neocatechumenaleiter.org\/de\/pilgerfahrten-nach-barbastro-huesca-spanien\/\" target=\"_blank\" rel=\"noreferrer noopener\">Mehr Informationen<\/a><\/div>\n<\/div>\n\n<hr class=\"wp-block-separator has-alpha-channel-opacity\"\/>\n\n<h6 class=\"wp-block-heading has-text-align-center has-text-color\" style=\"color:#003ea1\"><strong>Farlete<\/strong><\/h6>\n\n<h5 class=\"wp-block-heading has-text-align-center\"><a href=\"mailto:peregrinacionesfarlete.cn@gmail.com\" target=\"_blank\" rel=\"noreferrer noopener\">peregrinacionesfarlete.cn@gmail.com<\/a><\/h5>\n\n<div class=\"wp-block-buttons is-content-justification-center is-layout-flex wp-container-core-buttons-is-layout-16018d1d wp-block-buttons-is-layout-flex\">\n<div class=\"wp-block-button\"><a class=\"wp-block-button__link has-text-align-center wp-element-button\" href=\"https:\/\/neocatechumenaleiter.org\/de\/wallfahrten-nach-farlete-saragossa-spanien\/\" target=\"_blank\" rel=\"noreferrer noopener\">Mehr Informationen<\/a><\/div>\n<\/div>\n\n<hr class=\"wp-block-separator has-alpha-channel-opacity\"\/>\n\n<h6 class=\"wp-block-heading has-text-align-center has-text-color\" style=\"color:#003ea1\"><strong>Fuentes<\/strong><\/h6>\n\n<h5 class=\"wp-block-heading has-text-align-center\"><a href=\"mailto:fuentesdecarbonero@gmail.com\" target=\"_blank\" rel=\"noreferrer noopener\">fuentesdecarbonero@gmail.com<\/a><\/h5>\n\n<div class=\"wp-block-buttons is-content-justification-center is-layout-flex wp-container-core-buttons-is-layout-16018d1d wp-block-buttons-is-layout-flex\">\n<div class=\"wp-block-button\"><a class=\"wp-block-button__link has-text-align-center wp-element-button\" href=\"https:\/\/neocatechumenaleiter.org\/de\/?s=Wallfahrten+Saragossa+-+Spanien\" target=\"_blank\" rel=\"noreferrer noopener\">Mehr Informationen<\/a><\/div>\n<\/div>\n\n<hr class=\"wp-block-separator aligncenter has-alpha-channel-opacity\"\/>\n\n<h6 class=\"wp-block-heading has-text-align-center has-text-color has-link-color wp-elements-1152397d857af0f0d7c2bf7586710c66\" style=\"color:#003ea1\"><strong>Valencia<\/strong><\/h6>\n\n<h5 class=\"wp-block-heading has-text-align-center\"><a href=\"mailto:carmenhernandezvalencia1956@gmail.com\" target=\"_blank\" rel=\"noreferrer noopener\">carmenhernandezvalencia1956@gmail.com<\/a><\/h5>\n\n<div class=\"wp-block-buttons is-content-justification-center is-layout-flex wp-container-core-buttons-is-layout-16018d1d wp-block-buttons-is-layout-flex\">\n<div class=\"wp-block-button\"><a class=\"wp-block-button__link has-text-align-center wp-element-button\" href=\"https:\/\/carmenhernandez.org\/de\/carmen-hernandez-valencia-spanien\/\">Mehr Informationen<\/a><\/div>\n<\/div>\n\n<hr class=\"wp-block-separator has-alpha-channel-opacity\"\/>\n\n<div style=\"height:30px\" aria-hidden=\"true\" class=\"wp-block-spacer\"><\/div>\n\n<h6 class=\"wp-block-heading has-text-align-center\"><a href=\"https:\/\/carmenhernandez.org\/en\/legal-notice\/\" data-type=\"page\" data-id=\"3\">Privacy Policy<\/a><\/h6>\n\n<hr class=\"wp-block-separator has-css-opacity is-style-wide\"\/>\n","protected":false},"excerpt":{"rendered":"<p>Gnaden &#8211; Gunsterweise Nutzen Sie dieses Kontaktformular, um uns Ihre Erfahrungen mitzuteilen, wenn Sie sich mit Ihren Bitten an die F\u00fcrsprache von Carmen Hernandez gewandt haben. Alles, was Sie uns zusenden, wird mit h\u00f6chster Vertraulichkeit behandelt. Sie k\u00f6nnen uns auch Ihre Anregungen und Fragen schicken, wir werden Ihnen an die<\/p>\n<div class=\"belowpost\"><a class=\"btnmore icon-arrow\" href=\"https:\/\/carmenhernandez.org\/de\/kontakt\/\"><span>Read More<\/span><\/a><\/div>\n","protected":false},"author":3,"featured_media":573,"parent":0,"menu_order":0,"comment_status":"closed","ping_status":"closed","template":"","meta":{"footnotes":""},"class_list":["post-3158","page","type-page","status-publish","has-post-thumbnail","hentry"],"_links":{"self":[{"href":"https:\/\/carmenhernandez.org\/de\/wp-json\/wp\/v2\/pages\/3158","targetHints":{"allow":["GET"]}}],"collection":[{"href":"https:\/\/carmenhernandez.org\/de\/wp-json\/wp\/v2\/pages"}],"about":[{"href":"https:\/\/carmenhernandez.org\/de\/wp-json\/wp\/v2\/types\/page"}],"author":[{"embeddable":true,"href":"https:\/\/carmenhernandez.org\/de\/wp-json\/wp\/v2\/users\/3"}],"replies":[{"embeddable":true,"href":"https:\/\/carmenhernandez.org\/de\/wp-json\/wp\/v2\/comments?post=3158"}],"version-history":[{"count":20,"href":"https:\/\/carmenhernandez.org\/de\/wp-json\/wp\/v2\/pages\/3158\/revisions"}],"predecessor-version":[{"id":5701,"href":"https:\/\/carmenhernandez.org\/de\/wp-json\/wp\/v2\/pages\/3158\/revisions\/5701"}],"wp:featuredmedia":[{"embeddable":true,"href":"https:\/\/carmenhernandez.org\/de\/wp-json\/wp\/v2\/media\/573"}],"wp:attachment":[{"href":"https:\/\/carmenhernandez.org\/de\/wp-json\/wp\/v2\/media?parent=3158"}],"curies":[{"name":"wp","href":"https:\/\/api.w.org\/{rel}","templated":true}]}}