{"id":1159,"date":"2021-06-13T21:42:53","date_gmt":"2021-06-13T21:42:53","guid":{"rendered":"https:\/\/carmenhernandez.org\/biographie\/"},"modified":"2021-12-09T12:32:38","modified_gmt":"2021-12-09T12:32:38","slug":"biographie","status":"publish","type":"page","link":"https:\/\/carmenhernandez.org\/fr\/biographie\/","title":{"rendered":"Biographie"},"content":{"rendered":"\n<h4 class=\"alignwide has-text-align-center wp-block-heading\">24 NOVEMBRE 1930,<br>\u2020 MADRID, 19 JUILLET 2016<\/h4>\n\n\n\n<figure class=\"wp-block-image size-large hide-large-screen\"><img loading=\"lazy\" decoding=\"async\" width=\"1024\" height=\"759\" src=\"https:\/\/carmenhernandez.org\/wp-content\/uploads\/2021\/06\/carmen-hernandez-camino-neocatecumenal-biografia-1024x759.jpg\" alt=\"Carmen Hernandez Barrera\" class=\"wp-image-554\" srcset=\"https:\/\/carmenhernandez.org\/wp-content\/uploads\/2021\/06\/carmen-hernandez-camino-neocatecumenal-biografia-1024x759.jpg 1024w, https:\/\/carmenhernandez.org\/wp-content\/uploads\/2021\/06\/carmen-hernandez-camino-neocatecumenal-biografia-300x222.jpg 300w, https:\/\/carmenhernandez.org\/wp-content\/uploads\/2021\/06\/carmen-hernandez-camino-neocatecumenal-biografia-768x569.jpg 768w, https:\/\/carmenhernandez.org\/wp-content\/uploads\/2021\/06\/carmen-hernandez-camino-neocatecumenal-biografia.jpg 1350w\" sizes=\"auto, (max-width: 1024px) 100vw, 1024px\" \/><\/figure>\n\n\n\n<p>Carmen fut, ensemble avec Kiko, initiatrice du Chemin. Elle est n\u00e9e \u00e0 \u00d3lvega (Soria, Espagne) le 24 novembre 1930. Elle \u00e9tait la cinqui\u00e8me de neuf enfants (quatre gar\u00e7ons et cinq filles). Elle a v\u00e9cu son enfance \u00e0 Tudela (Espagne).<\/p>\n\n\n\n<p>Elle \u00e9tudie \u00e0 Tudela dans le coll\u00e8ge de la Compagnie de Marie, \u00e0 c\u00f4t\u00e9 du coll\u00e8ge des J\u00e9suites. Sous l\u2019influence de l\u2019esprit missionnaire de Saint Fran\u00e7ois Xavier, d\u00e8s sa jeunesse, elle sent la vocation de partir en mission en Inde. Par volont\u00e9 de son p\u00e8re, en 1948, elle commence \u00e0 \u00e9tudier la Chimie \u00e0 l\u2019Universit\u00e9 de Madrid, o\u00f9 elle obtient son dipl\u00f4me en 1954 avec les notes maximales.<\/p>\n\n\n\n<p>Pendant un temps, elle travaille avec son p\u00e8re dans l\u2019industrie alimentaire dans une usine que la famille avait \u00e0 And\u00fajar (Ja\u00e9n). Puis elle d\u00e9cide de laisser ce travail pour revenir \u00e0 Javier (Navare), o\u00f9 elle commence \u00e0 int\u00e9grer un nouvel institut missionnaire : les Missionnaires du Christ J\u00e9sus. Apr\u00e8s le noviciat, elle \u00e9tudie la th\u00e9ologie \u00e0 la maison de formation pour les religieuses \u00e0 Valence. En 1960, elle est destin\u00e9e \u00e0 l\u2019Inde. Pour cette mission, elle va se pr\u00e9parer \u00e0 Londres (ce pays asiatique appartenait alors au Commonwealth). Elle y reste un an. En ce temps-l\u00e0, il y eut un changement de direction chez les Missionnaires du Christ J\u00e9sus qui limitait son ouverture \u00e0 la mission. C\u2019est pourquoi Carmen rentra de Londres \u00e0 Barcelone. L\u00e0, elle connut le P\u00e8re Pedro Farn\u00e9s Sherer, qui venait de terminer ses \u00e9tudes aupr\u00e8s de l\u2019Institut Liturgique de Paris, peu de temps avant le Concile Vatican II et qui, ensuite, participa activement au <em>Consilium<\/em> pour sa r\u00e9alisation.<\/p>\n\n\n\n<p>Pendant ses cours, le P\u00e8re Farn\u00e9s pr\u00e9sentait les sources pascales de l\u2019Eucharistie et une eccl\u00e9siologie r\u00e9nov\u00e9e qui montrait l\u2019\u00c9glise comme lumi\u00e8re des nations. Le contact vivant de Carmen avec les auteurs de cette r\u00e9novation conciliaire aura une grande influence, plus tard, dans la formation des cat\u00e9chistes du Chemin N\u00e9ocat\u00e9chum\u00e9nal.<\/p>\n\n\n\n<p>Entre 1963 et 1964, Carmen va en Terre Sainte pendant une ann\u00e9e avec sa Bible et connait les lieux saints. \u00c0 son retour \u00e0 Madrid, elle commence \u00e0 travailler dans les baraques de la p\u00e9riph\u00e9rie, pensant partir missionnaire en Bolivie avec d\u2019autres la\u00efcs c\u00e9libataires. C\u2019est l\u00e0 qu\u2019elle connait Kiko Arg\u00fcello, qui vivait dans les baraques proches de Palomeras Altas, et d\u00e9cide de rester l\u00e0. Au milieu des pauvres, ils d\u00e9couvrent tous les deux la force du Myst\u00e8re Pascal et de la pr\u00e9dication du K\u00e9rygme (la Bonne Nouvelle de J\u00e9sus-Christ mort et ressuscit\u00e9). Ils ont vu na\u00eetre la premi\u00e8re communaut\u00e9. Gr\u00e2ce \u00e0 la confirmation de cette nouvelle r\u00e9alit\u00e9 par l\u2019archev\u00eaque de Madrid d\u2019alors, Mgr Casimiro Morcillo, Carmen collabora avec Kiko en portant cette \u0153uvre de r\u00e9novation de l\u2019\u00c9glise aux paroisses, d\u2019abords \u00e0 Madrid, puis \u00e0 Rome, et \u00e0 d\u2019autres villes et nations.<\/p>\n\n\n\n<p>Carmen Hern\u00e1ndez est d\u00e9c\u00e9d\u00e9e le 19 juillet 2016 \u00e0 Madrid. Lors de ses fun\u00e9railles, pr\u00e9sid\u00e9es par le Cardinal Archev\u00eaque de Madrid Carlos Osoro Sierra, et en pr\u00e9sence de milliers de personnes, le p\u00e8re Mario Pezzi a soulign\u00e9 qu\u2019avec le Chemin, c\u2019est \u00ab la premi\u00e8re fois dans l\u2019histoire qu\u2019une r\u00e9alit\u00e9 eccl\u00e9siale est fond\u00e9e par un homme et une femme qui collaborent constamment ensemble depuis plus de 50 ans \u00bb. Le pape a envoy\u00e9 un message dans lequel il dit avoir re\u00e7u \u00ab avec \u00e9motion \u00bb la nouvelle de la mort de Carmen et a soulign\u00e9 en elle \u00ab une longue existence marqu\u00e9e par son amour pour J\u00e9sus et par un grand enthousiasme missionnaire \u00bb. \u00ab Je remercie le Seigneur pour le t\u00e9moignage de cette femme, anim\u00e9e d\u2019un amour sinc\u00e8re pour l\u2019\u00c9glise, qui a pass\u00e9 sa vie \u00e0 annoncer la Bonne Nouvelle dans chaque lieu, jusque dans les plus \u00e9loign\u00e9s, sans oublier les personnes les plus marginalis\u00e9es \u00bb, a \u00e9crit le pape Fran\u00e7ois.<\/p>\n\n\n\n<div style=\"height:30px\" aria-hidden=\"true\" class=\"wp-block-spacer\"><\/div>\n\n\n\n<hr class=\"wp-block-separator is-style-wide\"\/>\n","protected":false},"excerpt":{"rendered":"<p>24 NOVEMBRE 1930,\u2020 MADRID, 19 JUILLET 2016 Carmen fut, ensemble avec Kiko, initiatrice du Chemin. Elle est n\u00e9e \u00e0 \u00d3lvega (Soria, Espagne) le 24 novembre 1930. Elle \u00e9tait la cinqui\u00e8me de neuf enfants (quatre gar\u00e7ons et cinq filles). Elle a v\u00e9cu son enfance \u00e0 Tudela (Espagne). Elle \u00e9tudie \u00e0 Tudela<\/p>\n<div class=\"belowpost\"><a class=\"btnmore icon-arrow\" href=\"https:\/\/carmenhernandez.org\/fr\/biographie\/\"><span>Read More<\/span><\/a><\/div>\n","protected":false},"author":3,"featured_media":554,"parent":0,"menu_order":0,"comment_status":"closed","ping_status":"closed","template":"","meta":{"footnotes":""},"class_list":["post-1159","page","type-page","status-publish","has-post-thumbnail","hentry"],"_links":{"self":[{"href":"https:\/\/carmenhernandez.org\/fr\/wp-json\/wp\/v2\/pages\/1159","targetHints":{"allow":["GET"]}}],"collection":[{"href":"https:\/\/carmenhernandez.org\/fr\/wp-json\/wp\/v2\/pages"}],"about":[{"href":"https:\/\/carmenhernandez.org\/fr\/wp-json\/wp\/v2\/types\/page"}],"author":[{"embeddable":true,"href":"https:\/\/carmenhernandez.org\/fr\/wp-json\/wp\/v2\/users\/3"}],"replies":[{"embeddable":true,"href":"https:\/\/carmenhernandez.org\/fr\/wp-json\/wp\/v2\/comments?post=1159"}],"version-history":[{"count":4,"href":"https:\/\/carmenhernandez.org\/fr\/wp-json\/wp\/v2\/pages\/1159\/revisions"}],"predecessor-version":[{"id":1885,"href":"https:\/\/carmenhernandez.org\/fr\/wp-json\/wp\/v2\/pages\/1159\/revisions\/1885"}],"wp:featuredmedia":[{"embeddable":true,"href":"https:\/\/carmenhernandez.org\/fr\/wp-json\/wp\/v2\/media\/554"}],"wp:attachment":[{"href":"https:\/\/carmenhernandez.org\/fr\/wp-json\/wp\/v2\/media?parent=1159"}],"curies":[{"name":"wp","href":"https:\/\/api.w.org\/{rel}","templated":true}]}}