{"id":1161,"date":"2021-11-22T15:48:23","date_gmt":"2021-11-22T15:48:23","guid":{"rendered":"https:\/\/carmenhernandez.org\/contacter\/"},"modified":"2025-12-03T02:34:54","modified_gmt":"2025-12-03T02:34:54","slug":"contacter","status":"publish","type":"page","link":"https:\/\/carmenhernandez.org\/fr\/contacter\/","title":{"rendered":"Contacter"},"content":{"rendered":"\n<figure class=\"wp-block-image size-large hide-large-screen\"><img loading=\"lazy\" decoding=\"async\" width=\"1024\" height=\"706\" src=\"https:\/\/carmenhernandez.org\/wp-content\/uploads\/2021\/06\/carmen-hernandez-camino-neocatecumenal-israel-1024x706.jpg\" alt=\"Carmen Hernandez pendant une cat&#xE9;ch&#xE8;se en Isra&#xEB;l\" class=\"wp-image-259\" srcset=\"https:\/\/carmenhernandez.org\/wp-content\/uploads\/2021\/06\/carmen-hernandez-camino-neocatecumenal-israel-1024x706.jpg 1024w, https:\/\/carmenhernandez.org\/wp-content\/uploads\/2021\/06\/carmen-hernandez-camino-neocatecumenal-israel-300x207.jpg 300w, https:\/\/carmenhernandez.org\/wp-content\/uploads\/2021\/06\/carmen-hernandez-camino-neocatecumenal-israel-768x529.jpg 768w, https:\/\/carmenhernandez.org\/wp-content\/uploads\/2021\/06\/carmen-hernandez-camino-neocatecumenal-israel.jpg 1451w\" sizes=\"auto, (max-width: 1024px) 100vw, 1024px\" \/><\/figure>\n\n<h5 class=\"wp-block-heading has-text-align-center\"><strong>Gr\u00e2ces \u2013 Faveurs<\/strong><\/h5>\n\n<p><p>Utilisez ce formulaire de contact pour nous envoyer votre exp\u00e9rience si l\u2019intercession de Carmen Hern\u00e1ndez a aid\u00e9 vos demandes. Tout ce que vous nous enverrez sera trait\u00e9 avec la plus grande confidentialit\u00e9. Vous pouvez \u00e9galement nous envoyer vos suggestions et vos questions, nous r\u00e9pondrons \u00e0 l\u2019adresse e-mail que vous inclurez dans le formulaire.<\/p>&#13;\n&#13;\n<\/p>\n\n<div role=\"form\" class=\"wpcf7\" id=\"wpcf7-f73-p26-o1\" lang=\"fr-FR\" dir=\"ltr\">\r\n\t<div class=\"screen-reader-response\" role=\"alert\" aria-live=\"polite\"><\/div>\r\n\t<form action=\"\/wp-content\/themes\/soho\/mail.php\" method=\"post\" class=\"wpcf7-form init\" id=\"contactForm_fr\">\r\n\t\t<input type=\"hidden\" name=\"form_lng\" value=\"fr\"\/>\t\t\r\n\t\t\r\n        <p>Noms<br\/>\r\n    \t\t<span class=\"wpcf7-form-control-wrap your-name\"><input type=\"text\" id=\"name\" name=\"name\" value=\"\" size=\"40\" class=\"wpcf7-form-control wpcf7-text wpcf7-validates-as-required\" aria-required=\"true\" aria-invalid=\"false\" required=\"\"\/><\/span> <\/p>\r\n\t\t\r\n        <p>Adresse e-mail<br\/>\r\n    \t\t<span class=\"wpcf7-form-control-wrap your-email\"><input type=\"email\" id=\"mail\" name=\"email\" value=\"\" size=\"40\" class=\"wpcf7-form-control wpcf7-text wpcf7-email wpcf7-validates-as-required wpcf7-validates-as-email\" aria-required=\"true\" aria-invalid=\"false\" required=\"\"\/><\/span> <\/p>\r\n\r\n        <p>Ville<br\/>\r\n    \t\t<span class=\"wpcf7-form-control-wrap your-email\"><input type=\"text\" id=\"city\" name=\"city\" value=\"\" size=\"40\" class=\"wpcf7-form-control wpcf7-text wpcf7-validates-as-required\" aria-required=\"true\" aria-invalid=\"false\" required=\"\"\/><\/span> <\/p>\r\n            \r\n        <p>Pays<br\/>\r\n    \t\t<span class=\"wpcf7-form-control-wrap your-email\"><input type=\"text\" id=\"country\" name=\"country\" value=\"\" size=\"40\" class=\"wpcf7-form-control wpcf7-text wpcf7-validates-as-required\" aria-required=\"true\" aria-invalid=\"false\" required=\"\"\/><\/span> <\/p>\r\n\t  \t\r\n        <p>Sujet<br\/>\r\n    \t\t<span class=\"wpcf7-form-control-wrap your-subject\"><input type=\"text\" id=\"subject\" name=\"subject\" value=\"\" size=\"40\" class=\"wpcf7-form-control wpcf7-text\" aria-invalid=\"false\" required=\"\"\/><\/span> <\/p>\r\n\t\t\r\n        <p>\u00c9crivez votre message<br\/>\r\n    \t\t<span class=\"wpcf7-form-control-wrap your-message\"><textarea id=\"message\" name=\"message\" cols=\"40\" rows=\"10\" class=\"wpcf7-form-control wpcf7-textarea\" aria-invalid=\"false\" required=\"\"><\/textarea><\/span> <\/p>\r\n\r\n\t\t<p style=\"text-align: center;\">Publier<br\/>\r\n    \t\t<span class=\"wpcf7-form-control-wrap your-name\"><input type=\"checkbox\" id=\"id_publish\" name=\"id_publish\" class=\"wpcf7-form-control wpcf7-text wpcf7-validates-as-required\" aria-required=\"true\" aria-invalid=\"false\"\/><\/span><\/p>\r\n            <p style=\"text-align: justify;\">Cochez la case si vous permettez que la faveur soit publi\u00e9e. La publication de faveurs contribue \u00e0 diffuser la d\u00e9votion et \u00e0 t\u00e9moigner de l\u2019efficacit\u00e9 de l\u2019intercession de cette personne devant Dieu. Afin de respecter la vie priv\u00e9e, le r\u00e9cit sera publi\u00e9 uniquement avec vos initiales et le pays.<\/p>\r\n\r\n<p><br\/><\/p><div class=\"g-recaptcha\" data-sitekey=\"6LfYgf4cAAAAAHAXPKsW4P-TG-_B72t6YdVc8kJX\"><\/div>\r\n\r\n<p><br\/><input type=\"submit\" value=\"Envoyer\" class=\"wpcf7-form-control wpcf7-submit\"\/><\/p>\r\n\r\n\t\t<div class=\"wpcf7-response-output\" role=\"alert\" aria-hidden=\"true\"><\/div>\r\n\t<\/form>\r\n<\/div>\n\n<div style=\"height:30px\" aria-hidden=\"true\" class=\"wp-block-spacer\"><\/div>\n\n<hr class=\"wp-block-separator has-css-opacity alignwide\"\/>\n\n<h5 class=\"wp-block-heading has-text-align-center\"><strong>Gr\u00e2ces \u2013 Faveurs<\/strong><\/h5>\n\n<h4 class=\"wp-block-heading has-text-align-center\"><a href=\"mailto:carmenhernandez@ffn.es\" target=\"_blank\" rel=\"noreferrer noopener\">carmenhernandez@ffn.es<\/a><\/h4>\n\n<hr class=\"wp-block-separator has-css-opacity is-style-default\"\/>\n\n<div style=\"height:30px\" aria-hidden=\"true\" class=\"wp-block-spacer\"><\/div>\n<div class=\"wp-block-image\">\n<figure class=\"aligncenter size-large\"><img loading=\"lazy\" decoding=\"async\" width=\"1024\" height=\"683\" src=\"https:\/\/carmenhernandez.org\/wp-content\/uploads\/2021\/06\/carmen-hernandez-camino-neocatecumenal-tumba-seminario-redeptoris-mater-madrid-1024x683.jpg\" alt=\"Tombe de Carmen Hern&#xE1;ndez au s&#xE9;minaire Redemptoris Mater de Madrid\" class=\"wp-image-249\" srcset=\"https:\/\/carmenhernandez.org\/wp-content\/uploads\/2021\/06\/carmen-hernandez-camino-neocatecumenal-tumba-seminario-redeptoris-mater-madrid-1024x683.jpg 1024w, https:\/\/carmenhernandez.org\/wp-content\/uploads\/2021\/06\/carmen-hernandez-camino-neocatecumenal-tumba-seminario-redeptoris-mater-madrid-300x200.jpg 300w, https:\/\/carmenhernandez.org\/wp-content\/uploads\/2021\/06\/carmen-hernandez-camino-neocatecumenal-tumba-seminario-redeptoris-mater-madrid-768x512.jpg 768w, https:\/\/carmenhernandez.org\/wp-content\/uploads\/2021\/06\/carmen-hernandez-camino-neocatecumenal-tumba-seminario-redeptoris-mater-madrid.jpg 1500w\" sizes=\"auto, (max-width: 1024px) 100vw, 1024px\" \/><\/figure>\n<\/div>\n<hr class=\"wp-block-separator has-css-opacity\"\/>\n\n<h6 class=\"wp-block-heading has-text-align-center\"><strong>Pour visiter la tombe de Carmen Hern\u00e1ndez, envoyez un e-mail \u00e0\u00a0:<\/strong><\/h6>\n\n<h5 class=\"wp-block-heading has-text-align-center\"><a href=\"mailto:visitas@carmenhernandez.info\" target=\"_blank\" rel=\"noreferrer noopener\">visitas@carmenhernandez.info<\/a><\/h5>\n\n<hr class=\"wp-block-separator has-css-opacity\"\/>\n\n<h6 class=\"wp-block-heading has-text-align-center has-text-color\" style=\"color:#003ea1\"><strong>TUDELA ET JAVIER (VILLES D\u2019ESPAGNE)<\/strong><\/h6>\n\n<h5 class=\"wp-block-heading has-text-align-center\"><a href=\"mailto:pamplona.tudela.cn@gmail.com\" target=\"_blank\" rel=\"noreferrer noopener\">pamplona.tudela.cn@gmail.com<\/a><\/h5>\n\n<div class=\"wp-block-buttons is-content-justification-center is-layout-flex wp-container-core-buttons-is-layout-16018d1d wp-block-buttons-is-layout-flex\">\n<div class=\"wp-block-button\"><a class=\"wp-block-button__link has-text-align-center wp-element-button\" href=\"https:\/\/carmenhernandez.org\/fr\/carmen-hernandez-soria-et-navarre-espagne\/\">Plus D&rsquo;Informations<\/a><\/div>\n<\/div>\n\n<hr class=\"wp-block-separator has-alpha-channel-opacity\"\/>\n\n<h6 class=\"wp-block-heading has-text-align-center has-text-color\" style=\"color:#003ea1\"><strong>\u00d3LVEGA (VILLE D\u2019ESPAGNE)<\/strong><\/h6>\n\n<h5 class=\"wp-block-heading has-text-align-center\"><a href=\"mailto:carmen.hernandez.olvega@gmail.com\" target=\"_blank\" rel=\"noreferrer noopener\">carmen.hernandez.olvega@gmail.com<\/a><\/h5>\n\n<div class=\"wp-block-buttons is-content-justification-center is-layout-flex wp-container-core-buttons-is-layout-16018d1d wp-block-buttons-is-layout-flex\">\n<div class=\"wp-block-button\"><a class=\"wp-block-button__link has-text-align-center wp-element-button\" href=\"https:\/\/carmenhernandez.org\/fr\/carmen-hernandez-soria-et-navarre-espagne\/\">Plus D&rsquo;Informations<\/a><\/div>\n<\/div>\n\n<hr class=\"wp-block-separator has-alpha-channel-opacity\"\/>\n\n<h6 class=\"wp-block-heading has-text-align-center has-text-color\" style=\"color:#003ea1\"><strong>Barcelona (VILLE D\u2019ESPAGNE)<\/strong><\/h6>\n\n<h5 class=\"wp-block-heading has-text-align-center\"><a href=\"mailto:f.xaviervila@gmail.com\" target=\"_blank\" rel=\"noreferrer noopener\">f.xaviervila@gmail.com<\/a><\/h5>\n\n<h5 class=\"wp-block-heading has-text-align-center\"><a href=\"mailto:franciscopelufo@gmail.com\" target=\"_blank\" rel=\"noreferrer noopener\">franciscopelufo@gmail.com<\/a><\/h5>\n\n<div class=\"wp-block-buttons is-content-justification-center is-layout-flex wp-container-core-buttons-is-layout-16018d1d wp-block-buttons-is-layout-flex\">\n<div class=\"wp-block-button\"><a class=\"wp-block-button__link has-text-align-center wp-element-button\" href=\"https:\/\/carmenhernandez.org\/fr\/carmen-hernandez-barcelone-espagne\/\">Plus D&rsquo;Informations<\/a><\/div>\n<\/div>\n\n<hr class=\"wp-block-separator has-alpha-channel-opacity\"\/>\n\n<h6 class=\"wp-block-heading has-text-align-center has-text-color\" style=\"color:#003ea1\"><strong>Zaragoza (VILLE D\u2019ESPAGNE)<\/strong><\/h6>\n\n<h5 class=\"wp-block-heading has-text-align-center\"><a href=\"mailto:peregrinacioneszaragoza.cn@gmail.com\" target=\"_blank\" rel=\"noreferrer noopener\">peregrinacioneszaragoza.cn@gmail.com<\/a><\/h5>\n\n<div class=\"wp-block-buttons is-content-justification-center is-layout-flex wp-container-core-buttons-is-layout-16018d1d wp-block-buttons-is-layout-flex\">\n<div class=\"wp-block-button\"><a class=\"wp-block-button__link has-text-align-center wp-element-button\" href=\"https:\/\/neocatechumenaleiter.org\/fr\/pelerinages-a-saragosse-espagne\/\" target=\"_blank\" rel=\"noreferrer noopener\">Plus D&rsquo;Informations<\/a><\/div>\n<\/div>\n\n<hr class=\"wp-block-separator has-alpha-channel-opacity\"\/>\n\n<h6 class=\"wp-block-heading has-text-align-center has-text-color\" style=\"color:#003ea1\"><strong>Barbastro (VILLE D\u2019ESPAGNE)<\/strong><\/h6>\n\n<h5 class=\"wp-block-heading has-text-align-center\"><a href=\"mailto:peregrinacionesbarbastro.cn@gmail.com\" target=\"_blank\" rel=\"noreferrer noopener\">peregrinacionesbarbastro.cn@gmail.com<\/a><\/h5>\n\n<div class=\"wp-block-buttons is-content-justification-center is-layout-flex wp-container-core-buttons-is-layout-16018d1d wp-block-buttons-is-layout-flex\">\n<div class=\"wp-block-button\"><a class=\"wp-block-button__link has-text-align-center wp-element-button\" href=\"https:\/\/neocatechumenaleiter.org\/fr\/pelerinages-a-barbastro-huesca-espagne\/\" target=\"_blank\" rel=\"noreferrer noopener\">Plus D&rsquo;Informations<\/a><\/div>\n<\/div>\n\n<hr class=\"wp-block-separator has-alpha-channel-opacity\"\/>\n\n<h6 class=\"wp-block-heading has-text-align-center has-text-color\" style=\"color:#003ea1\"><strong>Farlete (VILLE D\u2019ESPAGNE)<\/strong><\/h6>\n\n<h5 class=\"wp-block-heading has-text-align-center\"><a href=\"mailto:peregrinacionesfarlete.cn@gmail.com\" target=\"_blank\" rel=\"noreferrer noopener\">peregrinacionesfarlete.cn@gmail.com<\/a><\/h5>\n\n<div class=\"wp-block-buttons is-content-justification-center is-layout-flex wp-container-core-buttons-is-layout-16018d1d wp-block-buttons-is-layout-flex\">\n<div class=\"wp-block-button\"><a class=\"wp-block-button__link has-text-align-center wp-element-button\" href=\"https:\/\/neocatechumenaleiter.org\/fr\/pelerinages-a-farlete-saragosse-espagne\/\" target=\"_blank\" rel=\"noreferrer noopener\">Plus D&rsquo;Informations<\/a><\/div>\n<\/div>\n\n<hr class=\"wp-block-separator has-alpha-channel-opacity\"\/>\n\n<h6 class=\"wp-block-heading has-text-align-center has-text-color\" style=\"color:#003ea1\"><strong>Fuentes (VILLE D\u2019ESPAGNE)<\/strong><\/h6>\n\n<h5 class=\"wp-block-heading has-text-align-center\"><a href=\"mailto:fuentesdecarbonero@gmail.com\" target=\"_blank\" rel=\"noreferrer noopener\">fuentesdecarbonero@gmail.com<\/a><\/h5>\n\n<div class=\"wp-block-buttons is-content-justification-center is-layout-flex wp-container-core-buttons-is-layout-16018d1d wp-block-buttons-is-layout-flex\">\n<div class=\"wp-block-button\"><a class=\"wp-block-button__link has-text-align-center wp-element-button\" href=\"https:\/\/neocatechumenaleiter.org\/fr\/?s=%28segovie+-+spagne%29\" target=\"_blank\" rel=\"noreferrer noopener\">Plus D&rsquo;Informations<\/a><\/div>\n<\/div>\n\n<hr class=\"wp-block-separator aligncenter has-alpha-channel-opacity\"\/>\n\n<h6 class=\"wp-block-heading has-text-align-center has-text-color has-link-color wp-elements-2b3a9bfd38bb9be5da29d9fdf1b8a9b6\" style=\"color:#003ea1\"><strong>Valence<\/strong><\/h6>\n\n<h5 class=\"wp-block-heading has-text-align-center\"><a href=\"mailto:carmenhernandezvalencia1956@gmail.com\" target=\"_blank\" rel=\"noreferrer noopener\">carmenhernandezvalencia1956@gmail.com<\/a><\/h5>\n\n<div class=\"wp-block-buttons is-content-justification-center is-layout-flex wp-container-core-buttons-is-layout-16018d1d wp-block-buttons-is-layout-flex\">\n<div class=\"wp-block-button\"><a class=\"wp-block-button__link has-text-align-center wp-element-button\" href=\"https:\/\/carmenhernandez.org\/fr\/carmen-hernandez-valence-espagne\/\">Plus D&rsquo;Informations<\/a><\/div>\n<\/div>\n\n<hr class=\"wp-block-separator has-alpha-channel-opacity\"\/>\n\n<div style=\"height:30px\" aria-hidden=\"true\" class=\"wp-block-spacer\"><\/div>\n\n<h6 class=\"wp-block-heading has-text-align-center\"><a href=\"https:\/\/carmenhernandez.org\/en\/legal-notice\/\" data-type=\"page\" data-id=\"3\" rel=\"noreferrer noopener\">Privacy Policy<\/a><\/h6>\n\n<hr class=\"wp-block-separator has-css-opacity is-style-wide\"\/>\n","protected":false},"excerpt":{"rendered":"<p>Gr\u00e2ces \u2013 Faveurs Utilisez ce formulaire de contact pour nous envoyer votre exp\u00e9rience si l\u2019intercession de Carmen Hern\u00e1ndez a aid\u00e9 vos demandes. Tout ce que vous nous enverrez sera trait\u00e9 avec la plus grande confidentialit\u00e9. Vous pouvez \u00e9galement nous envoyer vos suggestions et vos questions, nous r\u00e9pondrons \u00e0 l\u2019adresse e-mail<\/p>\n<div class=\"belowpost\"><a class=\"btnmore icon-arrow\" href=\"https:\/\/carmenhernandez.org\/fr\/contacter\/\"><span>Read More<\/span><\/a><\/div>\n","protected":false},"author":3,"featured_media":572,"parent":0,"menu_order":0,"comment_status":"closed","ping_status":"closed","template":"","meta":{"footnotes":""},"class_list":["post-1161","page","type-page","status-publish","has-post-thumbnail","hentry"],"_links":{"self":[{"href":"https:\/\/carmenhernandez.org\/fr\/wp-json\/wp\/v2\/pages\/1161","targetHints":{"allow":["GET"]}}],"collection":[{"href":"https:\/\/carmenhernandez.org\/fr\/wp-json\/wp\/v2\/pages"}],"about":[{"href":"https:\/\/carmenhernandez.org\/fr\/wp-json\/wp\/v2\/types\/page"}],"author":[{"embeddable":true,"href":"https:\/\/carmenhernandez.org\/fr\/wp-json\/wp\/v2\/users\/3"}],"replies":[{"embeddable":true,"href":"https:\/\/carmenhernandez.org\/fr\/wp-json\/wp\/v2\/comments?post=1161"}],"version-history":[{"count":39,"href":"https:\/\/carmenhernandez.org\/fr\/wp-json\/wp\/v2\/pages\/1161\/revisions"}],"predecessor-version":[{"id":5700,"href":"https:\/\/carmenhernandez.org\/fr\/wp-json\/wp\/v2\/pages\/1161\/revisions\/5700"}],"wp:featuredmedia":[{"embeddable":true,"href":"https:\/\/carmenhernandez.org\/fr\/wp-json\/wp\/v2\/media\/572"}],"wp:attachment":[{"href":"https:\/\/carmenhernandez.org\/fr\/wp-json\/wp\/v2\/media?parent=1161"}],"curies":[{"name":"wp","href":"https:\/\/api.w.org\/{rel}","templated":true}]}}