{"id":1163,"date":"2021-10-10T19:43:16","date_gmt":"2021-10-10T19:43:16","guid":{"rendered":"https:\/\/carmenhernandez.org\/message-envoye\/"},"modified":"2021-11-06T01:23:09","modified_gmt":"2021-11-06T01:23:09","slug":"message-envoye","status":"publish","type":"page","link":"https:\/\/carmenhernandez.org\/fr\/message-envoye\/","title":{"rendered":"Message envoy\u00e9"},"content":{"rendered":"\n<div style=\"height:30px\" aria-hidden=\"true\" class=\"wp-block-spacer\"><\/div>\n\n<figure class=\"wp-block-pullquote\"><blockquote><p>VOTRE MESSAGE A \u00c9T\u00c9 ENVOY\u00c9 CORRECTEMENT.<\/p><cite>NOUS ENVERRONS NOTRE R\u00c9PONSE \u00c0 L\u2019ADRESSE MAIL QUE VOUS AVEZ FOURNIE SUR LE FORMULAIRE, SI N\u00c9CESSAIRE.<\/cite><\/blockquote><\/figure>\n\n<div style=\"height:20px\" aria-hidden=\"true\" class=\"wp-block-spacer\"><\/div>\n\n<p class=\"has-text-align-left\">Nous avons re\u00e7u votre e-mail avec le t\u00e9moignage de l&rsquo;intercession de Carmen Hern\u00e1ndez. Nous l&rsquo;ajoutons aux \u00ab\u00a0Documents\u00a0\u00bb n\u00e9cessaires \u00e0 votre Proc\u00e8s de B\u00e9atification. Merci beaucoup. La paix. Centre N\u00e9ocat\u00e9chum\u00e9nal Madrid.<\/p>\n\n<div style=\"height:18px\" aria-hidden=\"true\" class=\"wp-block-spacer\"><\/div>\n\n<hr class=\"wp-block-separator is-style-wide\"\/>\n","protected":false},"excerpt":{"rendered":"<p>VOTRE MESSAGE A \u00c9T\u00c9 ENVOY\u00c9 CORRECTEMENT. NOUS ENVERRONS NOTRE R\u00c9PONSE \u00c0 L\u2019ADRESSE MAIL QUE VOUS AVEZ FOURNIE SUR LE FORMULAIRE, SI N\u00c9CESSAIRE. Nous avons re\u00e7u votre e-mail avec le t\u00e9moignage de l&rsquo;intercession de Carmen Hern\u00e1ndez. Nous l&rsquo;ajoutons aux \u00ab\u00a0Documents\u00a0\u00bb n\u00e9cessaires \u00e0 votre Proc\u00e8s de B\u00e9atification. Merci beaucoup. La paix. Centre<\/p>\n<div class=\"belowpost\"><a class=\"btnmore icon-arrow\" href=\"https:\/\/carmenhernandez.org\/fr\/message-envoye\/\"><span>Read More<\/span><\/a><\/div>\n","protected":false},"author":3,"featured_media":721,"parent":0,"menu_order":0,"comment_status":"closed","ping_status":"closed","template":"","meta":{"footnotes":""},"class_list":["post-1163","page","type-page","status-publish","has-post-thumbnail","hentry"],"_links":{"self":[{"href":"https:\/\/carmenhernandez.org\/fr\/wp-json\/wp\/v2\/pages\/1163","targetHints":{"allow":["GET"]}}],"collection":[{"href":"https:\/\/carmenhernandez.org\/fr\/wp-json\/wp\/v2\/pages"}],"about":[{"href":"https:\/\/carmenhernandez.org\/fr\/wp-json\/wp\/v2\/types\/page"}],"author":[{"embeddable":true,"href":"https:\/\/carmenhernandez.org\/fr\/wp-json\/wp\/v2\/users\/3"}],"replies":[{"embeddable":true,"href":"https:\/\/carmenhernandez.org\/fr\/wp-json\/wp\/v2\/comments?post=1163"}],"version-history":[{"count":1,"href":"https:\/\/carmenhernandez.org\/fr\/wp-json\/wp\/v2\/pages\/1163\/revisions"}],"predecessor-version":[{"id":1164,"href":"https:\/\/carmenhernandez.org\/fr\/wp-json\/wp\/v2\/pages\/1163\/revisions\/1164"}],"wp:featuredmedia":[{"embeddable":true,"href":"https:\/\/carmenhernandez.org\/fr\/wp-json\/wp\/v2\/media\/721"}],"wp:attachment":[{"href":"https:\/\/carmenhernandez.org\/fr\/wp-json\/wp\/v2\/media?parent=1163"}],"curies":[{"name":"wp","href":"https:\/\/api.w.org\/{rel}","templated":true}]}}