{"id":3628,"date":"2021-06-13T21:42:53","date_gmt":"2021-06-13T21:42:53","guid":{"rendered":"https:\/\/carmenhernandez.org\/biografia\/"},"modified":"2024-02-01T00:04:59","modified_gmt":"2024-02-01T00:04:59","slug":"biografia","status":"publish","type":"page","link":"https:\/\/carmenhernandez.org\/pl\/biografia\/","title":{"rendered":"Biografia"},"content":{"rendered":"\n<h4 class=\"alignwide has-text-align-center wp-block-heading\"><h4>24 novembre 1930,<br\/>\u2020 Madrid, 19 luglio 2016<\/h4><\/h4>\n\n<figure class=\"wp-block-image size-large hide-large-screen\"><img loading=\"lazy\" decoding=\"async\" width=\"1024\" height=\"759\" src=\"https:\/\/carmenhernandez.org\/wp-content\/uploads\/2021\/06\/carmen-hernandez-camino-neocatecumenal-biografia-1024x759.jpg\" alt=\"Carmen Hern&#xE1;ndez Barrera\" class=\"wp-image-233\" srcset=\"https:\/\/carmenhernandez.org\/wp-content\/uploads\/2021\/06\/carmen-hernandez-camino-neocatecumenal-biografia-1024x759.jpg 1024w, https:\/\/carmenhernandez.org\/wp-content\/uploads\/2021\/06\/carmen-hernandez-camino-neocatecumenal-biografia-300x222.jpg 300w, https:\/\/carmenhernandez.org\/wp-content\/uploads\/2021\/06\/carmen-hernandez-camino-neocatecumenal-biografia-768x569.jpg 768w, https:\/\/carmenhernandez.org\/wp-content\/uploads\/2021\/06\/carmen-hernandez-camino-neocatecumenal-biografia.jpg 1350w\" sizes=\"auto, (max-width: 1024px) 100vw, 1024px\" \/><\/figure>\n\n<p>Carmen jest, razem z Kiko, inicjatork\u0105 Drogi. Przychodzi na \u015bwiat w \u00d3lvega (Soria, Hiszpania) 24 listopada 1930 roku jako pi\u0105ta z dziewi\u0119ciorga rodze\u0144stwa \u2013 ma czterech braci i cztery siostry \u2013, dzieci\u0144stwo sp\u0119dza w Tudeli (Nawarra, Hiszpania).<\/p>\n\n<p>Ucz\u0119szcza do szko\u0142y \u201eCompa\u00f1\u00eda de Mar\u00eda\u201c, gdzie po raz pierwszy styka si\u0119 z Towarzystwem Jezusowym \u2013 jezuitami. Pod wp\u0142ywem ducha misyjnego \u015bw. Franciszka Ksawerego od najm\u0142odszych lat odczuwa powo\u0142anie do misji w Indiach. Zgodnie z wol\u0105 ojca w roku 1948 rozpoczyna studia chemiczne w Madrycie, kt\u00f3re ko\u0144czy, z najwy\u017cszymi ocenami, w roku 1954.<\/p>\n\n<p>Przez pewien czas pracuje z ojcem w przemy\u015ble spo\u017cywczym \u2013 w fabryce, kt\u00f3r\u0105 rodzina posiada\u0142a w And\u00fajar (Ja\u00e9n), ale postanawia zrezygnowa\u0107 z pracy i przenie\u015b\u0107 si\u0119 do miasta Javier, gdzie wst\u0119puje do nowego instytutu misyjnego: Misioneras de Cristo Jes\u00fas (Misjonarki Chrystusa Jezusa). Po odbyciu nowicjatu studiuje teologi\u0119 w domu formacji teologicznej dla zakonnik\u00f3w w Walencji. W roku 1960 zostaje przydzielona do Indii; do tej misji musi si\u0119 przygotowa\u0107 w Londynie (w tym czasie Indie nale\u017ca\u0142y do brytyjskiej Wsp\u00f3lnoty Narod\u00f3w), gdzie przebywa rok. W tym czasie nast\u0119puje jednak zmiana kierunku w dzia\u0142alno\u015bci Misjonarek Chrystusa Jezusa, wi\u0105\u017ce si\u0119 to m.in. z tym, \u017ce ograniczona zostaje otwarto\u015b\u0107 na misje. Carmen wraca zatem z Londynu do Barcelony. Tam poznaje o. Pedro Farnes Scherer, kt\u00f3ry w\u0142a\u015bnie uko\u0144czy\u0142 studia w Instytucie Liturgicznym w Pary\u017cu, na kr\u00f3tko przed Soborem Watyka\u0144skim II, a p\u00f3\u017aniej aktywnie uczestniczy\u0142 w Consilium dla jego realizacji.<\/p>\n\n<p>W swoich wyk\u0142adach o. Farn\u00e9s m\u00f3wi\u0142 o paschalnych \u017ar\u00f3d\u0142ach Eucharystii oraz o odnowionej eklezjologii, kt\u00f3ra ukazywa\u0142a Ko\u015bci\u00f3\u0142 jako \u015bwiat\u0142o narod\u00f3w. \u017bywy kontakt Carmen z autorami odnowy soborowej wywar\u0142 p\u00f3\u017aniej wielki wp\u0142yw na kszta\u0142towanie si\u0119 katechez Drogi Neokatechumenalnej.<\/p>\n\n<p>W latach 1963-1964 Carmen przez rok przemierza z Bibli\u0105 Ziemi\u0119 \u015awi\u0119t\u0105, poznaj\u0105c \u015bwi\u0119te miejsca. Po powrocie do Madrytu zaczyna pracowa\u0107 w barakach na obrze\u017cach miasta, my\u015bl\u0105c o wyje\u017adzie na misje do Boliwii, wraz z innymi \u015bwieckimi celibatariuszami. Tam jednak spotyka Kiko Arg\u00fcello, kt\u00f3ry mieszka\u0142 w barakach Palomeras Altas i postanawia pozosta\u0107 w tej samej okolicy. Po\u015br\u00f3d ubogich oboje odkrywaj\u0105 moc Tajemnicy Paschalnej i g\u0142oszenia Kerygmatu (Dobrej Nowiny o Chrystusie umar\u0142ym i zmartwychwsta\u0142ym) i widz\u0105, jak rodzi si\u0119 pierwsza wsp\u00f3lnota. \u00d3wczesny arcybiskup Madrytu Casimiro Morcillo potwierdza t\u0119 now\u0105 rzeczywisto\u015b\u0107, dzi\u0119ki czemu Carmen i Kiko zanosz\u0105 razem dzie\u0142o odnowy Ko\u015bcio\u0142a do parafii \u2013 najpierw w Madrycie, potem w Rzymie, a nast\u0119pnie w innych miastach i krajach.<\/p>\n\n<p>Carmen Hern\u00e1ndez umiera 19 lipca 2016 roku w Madrycie. Na jej pogrzebie, kt\u00f3remu przewodniczy\u0142 kardyna\u0142 Carlos Osoro Sierra z Madrytu i w kt\u00f3rym uczestniczy\u0142y tysi\u0105ce ludzi, o. Mario Pezzi podkre\u015bli\u0142, \u017ce \u201epo raz pierwszy w historii rzeczywisto\u015b\u0107 ko\u015bcielna zosta\u0142a za\u0142o\u017cona przez m\u0119\u017cczyzn\u0119 i kobiet\u0119, kt\u00f3rzy wsp\u00f3\u0142pracowali ze sob\u0105 ponad 50 lat\u201d. Ponadto Papie\u017c przys\u0142a\u0142 wiadomo\u015b\u0107, w kt\u00f3rej napisa\u0142, \u017ce \u201eze wzruszeniem\u201d przyj\u0105\u0142 informacj\u0119 o \u015bmierci Carmen i podkre\u015bli\u0142, \u017ce jej \u201ed\u0142ugie \u017cycie by\u0142o naznaczone mi\u0142o\u015bci\u0105 do Jezusa i wielkim zapa\u0142em misyjnym\u201d. \u201eDzi\u0119kuj\u0119 Panu za \u015bwiadectwo tej kobiety, o\u017cywionej szczer\u0105 mi\u0142o\u015bci\u0105 do Ko\u015bcio\u0142a, kt\u00f3ra prze\u017cy\u0142a swoje \u017cycie, g\u0142osz\u0105c Dobr\u0105 Nowin\u0119 wsz\u0119dzie, nawet w najodleglejszych miejscach, nie zapominaj\u0105c o ludziach najbardziej zepchni\u0119tych na margines\u201d \u2013 napisa\u0142 papie\u017c Franciszek.<\/p>\n\n<div style=\"height:30px\" aria-hidden=\"true\" class=\"wp-block-spacer\"><\/div>\n\n<hr class=\"wp-block-separator is-style-wide\"\/>\n","protected":false},"excerpt":{"rendered":"<p>24 novembre 1930,\u2020 Madrid, 19 luglio 2016 Carmen jest, razem z Kiko, inicjatork\u0105 Drogi. Przychodzi na \u015bwiat w \u00d3lvega (Soria, Hiszpania) 24 listopada 1930 roku jako pi\u0105ta z dziewi\u0119ciorga rodze\u0144stwa \u2013 ma czterech braci i cztery siostry \u2013, dzieci\u0144stwo sp\u0119dza w Tudeli (Nawarra, Hiszpania). Ucz\u0119szcza do szko\u0142y \u201eCompa\u00f1\u00eda de Mar\u00eda\u201c,<\/p>\n<div class=\"belowpost\"><a class=\"btnmore icon-arrow\" href=\"https:\/\/carmenhernandez.org\/pl\/biografia\/\"><span>Read More<\/span><\/a><\/div>\n","protected":false},"author":3,"featured_media":559,"parent":0,"menu_order":0,"comment_status":"closed","ping_status":"closed","template":"","meta":{"footnotes":""},"class_list":["post-3628","page","type-page","status-publish","has-post-thumbnail","hentry"],"_links":{"self":[{"href":"https:\/\/carmenhernandez.org\/pl\/wp-json\/wp\/v2\/pages\/3628","targetHints":{"allow":["GET"]}}],"collection":[{"href":"https:\/\/carmenhernandez.org\/pl\/wp-json\/wp\/v2\/pages"}],"about":[{"href":"https:\/\/carmenhernandez.org\/pl\/wp-json\/wp\/v2\/types\/page"}],"author":[{"embeddable":true,"href":"https:\/\/carmenhernandez.org\/pl\/wp-json\/wp\/v2\/users\/3"}],"replies":[{"embeddable":true,"href":"https:\/\/carmenhernandez.org\/pl\/wp-json\/wp\/v2\/comments?post=3628"}],"version-history":[{"count":5,"href":"https:\/\/carmenhernandez.org\/pl\/wp-json\/wp\/v2\/pages\/3628\/revisions"}],"predecessor-version":[{"id":4784,"href":"https:\/\/carmenhernandez.org\/pl\/wp-json\/wp\/v2\/pages\/3628\/revisions\/4784"}],"wp:featuredmedia":[{"embeddable":true,"href":"https:\/\/carmenhernandez.org\/pl\/wp-json\/wp\/v2\/media\/559"}],"wp:attachment":[{"href":"https:\/\/carmenhernandez.org\/pl\/wp-json\/wp\/v2\/media?parent=3628"}],"curies":[{"name":"wp","href":"https:\/\/api.w.org\/{rel}","templated":true}]}}