{"id":3632,"date":"2021-11-22T15:48:23","date_gmt":"2021-11-22T15:48:23","guid":{"rendered":"https:\/\/carmenhernandez.org\/kontakt\/"},"modified":"2025-12-03T02:38:26","modified_gmt":"2025-12-03T02:38:26","slug":"kontakt","status":"publish","type":"page","link":"https:\/\/carmenhernandez.org\/pl\/kontakt\/","title":{"rendered":"Skontaktowa\u0107 si\u0119"},"content":{"rendered":"\n<figure class=\"wp-block-image size-large hide-large-screen\"><img loading=\"lazy\" decoding=\"async\" width=\"1024\" height=\"706\" src=\"https:\/\/carmenhernandez.org\/wp-content\/uploads\/2021\/06\/carmen-hernandez-camino-neocatecumenal-israel-1024x706.jpg\" alt=\"Carmen Hern&#xE1;ndez podczas katechezy w Izraelu\" class=\"wp-image-259\" srcset=\"https:\/\/carmenhernandez.org\/wp-content\/uploads\/2021\/06\/carmen-hernandez-camino-neocatecumenal-israel-1024x706.jpg 1024w, https:\/\/carmenhernandez.org\/wp-content\/uploads\/2021\/06\/carmen-hernandez-camino-neocatecumenal-israel-300x207.jpg 300w, https:\/\/carmenhernandez.org\/wp-content\/uploads\/2021\/06\/carmen-hernandez-camino-neocatecumenal-israel-768x529.jpg 768w, https:\/\/carmenhernandez.org\/wp-content\/uploads\/2021\/06\/carmen-hernandez-camino-neocatecumenal-israel.jpg 1451w\" sizes=\"auto, (max-width: 1024px) 100vw, 1024px\" \/><\/figure>\n\n<h5 class=\"wp-block-heading has-text-align-center\"><strong>\u0141aski\u00a0 &#8211; Pro\u015bby<\/strong><\/h5>\n\n<p><p>Skorzystaj z tego formularza kontaktowego, aby przes\u0142a\u0107 swoje do\u015bwiadczenie, je\u015bli modli\u0142e\u015b\/a\u015b si\u0119 o wstawiennictwo Carmen Hern\u00e1ndez, aby pomog\u0142a w Twoich pro\u015bbach. Wszystko, co prze\u015blesz, b\u0119dzie traktowane z najwy\u017csz\u0105 poufno\u015bci\u0105. Mo\u017cesz r\u00f3wnie\u017c przes\u0142a\u0107 swoje sugestie i pytania; odpowiemy na adres e-mail podany w formularzu.<\/p>&#13;\n&#13;\n<\/p>\n\n<div role=\"form\" class=\"wpcf7\" id=\"wpcf7-f73-p26-o1\" lang=\"pl-PL\" dir=\"ltr\">\r\n\t<div class=\"screen-reader-response\" role=\"alert\" aria-live=\"polite\"><\/div>\r\n\t<form action=\"\/wp-content\/themes\/soho\/mail.php\" method=\"post\" class=\"wpcf7-form init\" id=\"contactForm_pl\">\r\n\t\t<input type=\"hidden\" name=\"form_lng\" value=\"pl\"\/>\t\t\r\n\t\t\r\n        <p>Imie<br\/>\r\n    \t\t<span class=\"wpcf7-form-control-wrap your-name\"><input type=\"text\" id=\"name\" name=\"name\" value=\"\" size=\"40\" class=\"wpcf7-form-control wpcf7-text wpcf7-validates-as-required\" aria-required=\"true\" aria-invalid=\"false\" required=\"\"\/><\/span> <\/p>\r\n\t\t\r\n        <p>Adres e-maila<br\/>\r\n    \t\t<span class=\"wpcf7-form-control-wrap your-email\"><input type=\"email\" id=\"mail\" name=\"email\" value=\"\" size=\"40\" class=\"wpcf7-form-control wpcf7-text wpcf7-email wpcf7-validates-as-required wpcf7-validates-as-email\" aria-required=\"true\" aria-invalid=\"false\" required=\"\"\/><\/span> <\/p>\r\n\r\n        <p>Miasto pochodzenia<br\/>\r\n    \t\t<span class=\"wpcf7-form-control-wrap your-email\"><input type=\"text\" id=\"city\" name=\"city\" value=\"\" size=\"40\" class=\"wpcf7-form-control wpcf7-text wpcf7-validates-as-required\" aria-required=\"true\" aria-invalid=\"false\" required=\"\"\/><\/span> <\/p>\r\n            \t\t\r\n        <p>Kraj pochodzenia<br\/>\r\n    \t\t<span class=\"wpcf7-form-control-wrap your-email\"><input type=\"text\" id=\"country\" name=\"country\" value=\"\" size=\"40\" class=\"wpcf7-form-control wpcf7-text wpcf7-validates-as-required\" aria-required=\"true\" aria-invalid=\"false\" required=\"\"\/><\/span> <\/p>\r\n\t  \t\r\n        <p>Temat<br\/>\r\n    \t\t<span class=\"wpcf7-form-control-wrap your-subject\"><input type=\"text\" id=\"subject\" name=\"subject\" value=\"\" size=\"40\" class=\"wpcf7-form-control wpcf7-text\" aria-invalid=\"false\" required=\"\"\/><\/span> <\/p>\r\n\t\t\r\n        <p>Wiadomosc<br\/>\r\n    \t\t<span class=\"wpcf7-form-control-wrap your-message\"><textarea id=\"message\" name=\"message\" cols=\"40\" rows=\"10\" class=\"wpcf7-form-control wpcf7-textarea\" aria-invalid=\"false\" required=\"\"><\/textarea><\/span> <\/p>\r\n\r\n\t\t<p style=\"text-align: center;\">Publikuj<br\/>\r\n    \t\t<span class=\"wpcf7-form-control-wrap your-name\"><input type=\"checkbox\" id=\"id_publish\" name=\"id_publish\" class=\"wpcf7-form-control wpcf7-text wpcf7-validates-as-required\" aria-required=\"true\" aria-invalid=\"false\"\/><\/span><\/p>\r\n            <p style=\"text-align: justify;\">Zaznacz to pole, jesli wyrazasz zgode na opublikowanie prosby. Publikacja informacji o prosbach pomaga szerzyc poboznosc i rejestrowac skutecznosc wstawiennictwa tej osoby przed Bogiem. W celu uszanowania prywatnosci, historia zostanie opublikowana tylko z inicjalami i informacja o kraju.<\/p>\r\n\r\n<p><br\/><\/p><div class=\"g-recaptcha\" data-sitekey=\"6LfYgf4cAAAAAHAXPKsW4P-TG-_B72t6YdVc8kJX\"><\/div>\r\n\r\n<p><br\/><input type=\"submit\" value=\"Wyslij\" class=\"wpcf7-form-control wpcf7-submit\"\/><\/p>\r\n\r\n\t\t<div class=\"wpcf7-response-output\" role=\"alert\" aria-hidden=\"true\"><\/div>\r\n\t<\/form>\r\n<\/div>\n\n<div style=\"height:30px\" aria-hidden=\"true\" class=\"wp-block-spacer\"><\/div>\n\n<hr class=\"wp-block-separator has-css-opacity alignwide\"\/>\n\n<h5 class=\"wp-block-heading has-text-align-center\"><strong>\u0141aski\u00a0 &#8211; Pro\u015bby<\/strong><\/h5>\n\n<h4 class=\"wp-block-heading has-text-align-center\"><a href=\"mailto:carmenhernandez@ffn.es\" target=\"_blank\" rel=\"noreferrer noopener\">carmenhernandez@ffn.es<\/a><\/h4>\n\n<hr class=\"wp-block-separator has-css-opacity is-style-default\"\/>\n\n<div style=\"height:30px\" aria-hidden=\"true\" class=\"wp-block-spacer\"><\/div>\n<div class=\"wp-block-image\">\n<figure class=\"aligncenter size-large\"><img loading=\"lazy\" decoding=\"async\" width=\"1024\" height=\"683\" src=\"https:\/\/carmenhernandez.org\/wp-content\/uploads\/2021\/06\/carmen-hernandez-camino-neocatecumenal-tumba-seminario-redeptoris-mater-madrid-1024x683.jpg\" alt=\"Carmen Hern&#xE1;ndez gr&#xF3;b w Seminarium Redemptoris Mater w Madrycie\" class=\"wp-image-249\" srcset=\"https:\/\/carmenhernandez.org\/wp-content\/uploads\/2021\/06\/carmen-hernandez-camino-neocatecumenal-tumba-seminario-redeptoris-mater-madrid-1024x683.jpg 1024w, https:\/\/carmenhernandez.org\/wp-content\/uploads\/2021\/06\/carmen-hernandez-camino-neocatecumenal-tumba-seminario-redeptoris-mater-madrid-300x200.jpg 300w, https:\/\/carmenhernandez.org\/wp-content\/uploads\/2021\/06\/carmen-hernandez-camino-neocatecumenal-tumba-seminario-redeptoris-mater-madrid-768x512.jpg 768w, https:\/\/carmenhernandez.org\/wp-content\/uploads\/2021\/06\/carmen-hernandez-camino-neocatecumenal-tumba-seminario-redeptoris-mater-madrid.jpg 1500w\" sizes=\"auto, (max-width: 1024px) 100vw, 1024px\" \/><\/figure>\n<\/div>\n<hr class=\"wp-block-separator has-css-opacity\"\/>\n\n<h6 class=\"wp-block-heading has-text-align-center\"><strong>Aby odwiedzi\u0107 gr\u00f3b Carmen Hern\u00e1ndez, wy\u015blij e-mail do:<\/strong><\/h6>\n\n<h5 class=\"wp-block-heading has-text-align-center\"><a href=\"mailto:visitas@carmenhernandez.info\" target=\"_blank\" rel=\"noreferrer noopener\">visitas@carmenhernandez.info<\/a><\/h5>\n\n<hr class=\"wp-block-separator has-css-opacity\"\/>\n\n<h6 class=\"wp-block-heading has-text-align-center has-text-color\" style=\"color:#003ea1\"><strong>TUDELA I JAVIER (MIASTA W HISZPANII)<\/strong><\/h6>\n\n<h5 class=\"wp-block-heading has-text-align-center\"><a href=\"mailto:pamplona.tudela.cn@gmail.com\" target=\"_blank\" rel=\"noreferrer noopener\">pamplona.tudela.cn@gmail.com<\/a><\/h5>\n\n<div class=\"wp-block-buttons is-content-justification-center is-layout-flex wp-container-core-buttons-is-layout-16018d1d wp-block-buttons-is-layout-flex\">\n<div class=\"wp-block-button\"><a class=\"wp-block-button__link has-text-align-center wp-element-button\" href=\"https:\/\/carmenhernandez.org\/pl\/carmen-hernandez-soria-i-navarra-hiszpania\/\">Inne Informacje<\/a><\/div>\n<\/div>\n\n<hr class=\"wp-block-separator has-alpha-channel-opacity\"\/>\n\n<h6 class=\"wp-block-heading has-text-align-center has-text-color\" style=\"color:#003ea1\"><strong>OLVEGA (MIASTO W HISZPANII)<\/strong><\/h6>\n\n<h5 class=\"wp-block-heading has-text-align-center\"><a href=\"mailto:carmen.hernandez.olvega@gmail.com\" target=\"_blank\" rel=\"noreferrer noopener\">carmen.hernandez.olvega@gmail.com<\/a><\/h5>\n\n<div class=\"wp-block-buttons is-content-justification-center is-layout-flex wp-container-core-buttons-is-layout-16018d1d wp-block-buttons-is-layout-flex\">\n<div class=\"wp-block-button\"><a class=\"wp-block-button__link has-text-align-center wp-element-button\" href=\"https:\/\/carmenhernandez.org\/pl\/carmen-hernandez-soria-i-navarra-hiszpania\/\">Inne Informacje<\/a><\/div>\n<\/div>\n\n<hr class=\"wp-block-separator has-alpha-channel-opacity\"\/>\n\n<h6 class=\"wp-block-heading has-text-align-center has-text-color\" style=\"color:#003ea1\"><strong>Barcelona (MIASTO W HISZPANII)<\/strong><\/h6>\n\n<h5 class=\"wp-block-heading has-text-align-center\"><a href=\"mailto:f.xaviervila@gmail.com\" target=\"_blank\" rel=\"noreferrer noopener\">f.xaviervila@gmail.com<\/a><\/h5>\n\n<h5 class=\"wp-block-heading has-text-align-center\"><a href=\"mailto:franciscopelufo@gmail.com\" target=\"_blank\" rel=\"noreferrer noopener\">franciscopelufo@gmail.com<\/a><\/h5>\n\n<div class=\"wp-block-buttons is-content-justification-center is-layout-flex wp-container-core-buttons-is-layout-16018d1d wp-block-buttons-is-layout-flex\">\n<div class=\"wp-block-button\"><a class=\"wp-block-button__link has-text-align-center wp-element-button\" href=\"https:\/\/carmenhernandez.org\/pl\/carmen-hernandez-barcelona-hiszpania\/\">Inne Informacje<\/a><\/div>\n<\/div>\n\n<hr class=\"wp-block-separator has-alpha-channel-opacity\"\/>\n\n<h6 class=\"wp-block-heading has-text-align-center has-text-color\" style=\"color:#003ea1\"><strong>Saragossa (MIASTO W HISZPANII)<\/strong><\/h6>\n\n<h5 class=\"wp-block-heading has-text-align-center\"><a href=\"mailto:peregrinacioneszaragoza.cn@gmail.com\" target=\"_blank\" rel=\"noreferrer noopener\">peregrinacioneszaragoza.cn@gmail.com<\/a><\/h5>\n\n<div class=\"wp-block-buttons is-content-justification-center is-layout-flex wp-container-core-buttons-is-layout-16018d1d wp-block-buttons-is-layout-flex\">\n<div class=\"wp-block-button\"><a class=\"wp-block-button__link has-text-align-center wp-element-button\" href=\"https:\/\/neocatechumenaleiter.org\/pl\/pielgrzymki-do-saragossy-hiszpania\/\" target=\"_blank\" rel=\"noreferrer noopener\">Inne Informacje<\/a><\/div>\n<\/div>\n\n<hr class=\"wp-block-separator has-alpha-channel-opacity\"\/>\n\n<h6 class=\"wp-block-heading has-text-align-center has-text-color\" style=\"color:#003ea1\"><strong>Barbastro (MIASTO W HISZPANII)<\/strong><\/h6>\n\n<h5 class=\"wp-block-heading has-text-align-center\"><a href=\"mailto:peregrinacionesbarbastro.cn@gmail.com\" target=\"_blank\" rel=\"noreferrer noopener\">peregrinacionesbarbastro.cn@gmail.com<\/a><\/h5>\n\n<div class=\"wp-block-buttons is-content-justification-center is-layout-flex wp-container-core-buttons-is-layout-16018d1d wp-block-buttons-is-layout-flex\">\n<div class=\"wp-block-button\"><a class=\"wp-block-button__link has-text-align-center wp-element-button\" href=\"https:\/\/neocatechumenaleiter.org\/pl\/pielgrzymki-do-barbastro-huesca-hiszpania\/\" target=\"_blank\" rel=\"noreferrer noopener\">Inne Informacje<\/a><\/div>\n<\/div>\n\n<hr class=\"wp-block-separator has-alpha-channel-opacity\"\/>\n\n<h6 class=\"wp-block-heading has-text-align-center has-text-color\" style=\"color:#003ea1\"><strong>Farlete (MIASTO W HISZPANII)<\/strong><\/h6>\n\n<h5 class=\"wp-block-heading has-text-align-center\"><a href=\"mailto:peregrinacionesfarlete.cn@gmail.com\" target=\"_blank\" rel=\"noreferrer noopener\">peregrinacionesfarlete.cn@gmail.com<\/a><\/h5>\n\n<div class=\"wp-block-buttons is-content-justification-center is-layout-flex wp-container-core-buttons-is-layout-16018d1d wp-block-buttons-is-layout-flex\">\n<div class=\"wp-block-button\"><a class=\"wp-block-button__link has-text-align-center wp-element-button\" href=\"https:\/\/neocatechumenaleiter.org\/pl\/pielgrzymki-do-farlete-saragossa-hiszpania\/\" target=\"_blank\" rel=\"noreferrer noopener\">Inne Informacje<\/a><\/div>\n<\/div>\n\n<hr class=\"wp-block-separator has-alpha-channel-opacity\"\/>\n\n<h6 class=\"wp-block-heading has-text-align-center has-text-color\" style=\"color:#003ea1\"><strong>Fuentes (MIASTO W HISZPANII)<\/strong><\/h6>\n\n<h5 class=\"wp-block-heading has-text-align-center\"><a href=\"mailto:fuentesdecarbonero@gmail.com\" target=\"_blank\" rel=\"noreferrer noopener\">fuentesdecarbonero@gmail.com<\/a><\/h5>\n\n<div class=\"wp-block-buttons is-content-justification-center is-layout-flex wp-container-core-buttons-is-layout-16018d1d wp-block-buttons-is-layout-flex\">\n<div class=\"wp-block-button\"><a class=\"wp-block-button__link has-text-align-center wp-element-button\" href=\"https:\/\/neocatechumenaleiter.org\/pl\/?s=fuentes+de+carbonero+el+mayor\" target=\"_blank\" rel=\"noreferrer noopener\">Inne Informacje<\/a><\/div>\n<\/div>\n\n<hr class=\"wp-block-separator aligncenter has-alpha-channel-opacity\"\/>\n\n<h6 class=\"wp-block-heading has-text-align-center has-text-color has-link-color wp-elements-997dec89d3a45bab47e0b253a54dc3e5\" style=\"color:#003ea1\"><strong>Valencia (MIASTA W HISZPANII)<\/strong><\/h6>\n\n<h5 class=\"wp-block-heading has-text-align-center\"><a href=\"mailto:carmenhernandezvalencia1956@gmail.com\" target=\"_blank\" rel=\"noreferrer noopener\">carmenhernandezvalencia1956@gmail.com<\/a><\/h5>\n\n<div class=\"wp-block-buttons is-content-justification-center is-layout-flex wp-container-core-buttons-is-layout-16018d1d wp-block-buttons-is-layout-flex\">\n<div class=\"wp-block-button\"><a class=\"wp-block-button__link has-text-align-center wp-element-button\" href=\"https:\/\/carmenhernandez.org\/pl\/carmen-hernandez-walencja-hiszpania\/\">Inne Informacje<\/a><\/div>\n<\/div>\n\n<hr class=\"wp-block-separator has-alpha-channel-opacity\"\/>\n\n<div style=\"height:30px\" aria-hidden=\"true\" class=\"wp-block-spacer\"><\/div>\n\n<h6 class=\"wp-block-heading has-text-align-center\"><a href=\"https:\/\/carmenhernandez.org\/it\/avviso-legale\/\" rel=\"noreferrer noopener\" data-type=\"page\" data-id=\"3\">Privacy Policy<\/a><\/h6>\n\n<hr class=\"wp-block-separator has-css-opacity is-style-wide\"\/>\n","protected":false},"excerpt":{"rendered":"<p>\u0141aski\u00a0 &#8211; Pro\u015bby Skorzystaj z tego formularza kontaktowego, aby przes\u0142a\u0107 swoje do\u015bwiadczenie, je\u015bli modli\u0142e\u015b\/a\u015b si\u0119 o wstawiennictwo Carmen Hern\u00e1ndez, aby pomog\u0142a w Twoich pro\u015bbach. Wszystko, co prze\u015blesz, b\u0119dzie traktowane z najwy\u017csz\u0105 poufno\u015bci\u0105. Mo\u017cesz r\u00f3wnie\u017c przes\u0142a\u0107 swoje sugestie i pytania; odpowiemy na adres e-mail podany w formularzu. &#13; &#13; Imie Adres<\/p>\n<div class=\"belowpost\"><a class=\"btnmore icon-arrow\" href=\"https:\/\/carmenhernandez.org\/pl\/kontakt\/\"><span>Read More<\/span><\/a><\/div>\n","protected":false},"author":3,"featured_media":577,"parent":0,"menu_order":0,"comment_status":"closed","ping_status":"closed","template":"","meta":{"footnotes":""},"class_list":["post-3632","page","type-page","status-publish","has-post-thumbnail","hentry"],"_links":{"self":[{"href":"https:\/\/carmenhernandez.org\/pl\/wp-json\/wp\/v2\/pages\/3632","targetHints":{"allow":["GET"]}}],"collection":[{"href":"https:\/\/carmenhernandez.org\/pl\/wp-json\/wp\/v2\/pages"}],"about":[{"href":"https:\/\/carmenhernandez.org\/pl\/wp-json\/wp\/v2\/types\/page"}],"author":[{"embeddable":true,"href":"https:\/\/carmenhernandez.org\/pl\/wp-json\/wp\/v2\/users\/3"}],"replies":[{"embeddable":true,"href":"https:\/\/carmenhernandez.org\/pl\/wp-json\/wp\/v2\/comments?post=3632"}],"version-history":[{"count":26,"href":"https:\/\/carmenhernandez.org\/pl\/wp-json\/wp\/v2\/pages\/3632\/revisions"}],"predecessor-version":[{"id":5704,"href":"https:\/\/carmenhernandez.org\/pl\/wp-json\/wp\/v2\/pages\/3632\/revisions\/5704"}],"wp:featuredmedia":[{"embeddable":true,"href":"https:\/\/carmenhernandez.org\/pl\/wp-json\/wp\/v2\/media\/577"}],"wp:attachment":[{"href":"https:\/\/carmenhernandez.org\/pl\/wp-json\/wp\/v2\/media?parent=3632"}],"curies":[{"name":"wp","href":"https:\/\/api.w.org\/{rel}","templated":true}]}}