{"id":3646,"date":"2021-10-10T19:43:16","date_gmt":"2021-10-10T19:43:16","guid":{"rendered":"https:\/\/carmenhernandez.org\/wiadomosc-wyslana\/"},"modified":"2023-04-23T11:45:15","modified_gmt":"2023-04-23T11:45:15","slug":"wiadomosc-wyslana","status":"publish","type":"page","link":"https:\/\/carmenhernandez.org\/pl\/wiadomosc-wyslana\/","title":{"rendered":"Wiadomo\u015b\u0107 wys\u0142ana"},"content":{"rendered":"\n<div style=\"height:30px\" aria-hidden=\"true\" class=\"wp-block-spacer\"><\/div>\n\n<figure class=\"wp-block-pullquote\"><blockquote><p>Twoja wiadomo\u015b\u0107 zosta\u0142a wys\u0142ana<\/p><cite>W razie potrzeby odpowiemy na podany w formularzu adres e-mail.<\/cite><\/blockquote><\/figure>\n\n<div style=\"height:20px\" aria-hidden=\"true\" class=\"wp-block-spacer\"><\/div>\n\n<p class=\"has-text-align-left\">Otrzymali\u015bmy Tw\u00f3j e-mail ze \u015bwiadectwem wstawiennictwa Carmen Hern\u00e1ndez. Dodajemy je do &#8222;Dokument\u00f3w&#8221; wymaganych w jej procesie beatyfikacyjnym. Dzi\u0119kujemy. Pok\u00f3j. Centrum Neokatechumenalne Madryt.<\/p>\n\n<div style=\"height:18px\" aria-hidden=\"true\" class=\"wp-block-spacer\"><\/div>\n\n<hr class=\"wp-block-separator is-style-wide\" \/>\n","protected":false},"excerpt":{"rendered":"<p>Twoja wiadomo\u015b\u0107 zosta\u0142a wys\u0142ana W razie potrzeby odpowiemy na podany w formularzu adres e-mail. Otrzymali\u015bmy Tw\u00f3j e-mail ze \u015bwiadectwem wstawiennictwa Carmen Hern\u00e1ndez. Dodajemy je do &#8222;Dokument\u00f3w&#8221; wymaganych w jej procesie beatyfikacyjnym. Dzi\u0119kujemy. Pok\u00f3j. Centrum Neokatechumenalne Madryt.<\/p>\n","protected":false},"author":3,"featured_media":727,"parent":0,"menu_order":0,"comment_status":"closed","ping_status":"closed","template":"","meta":{"footnotes":""},"class_list":["post-3646","page","type-page","status-publish","has-post-thumbnail","hentry"],"_links":{"self":[{"href":"https:\/\/carmenhernandez.org\/pl\/wp-json\/wp\/v2\/pages\/3646","targetHints":{"allow":["GET"]}}],"collection":[{"href":"https:\/\/carmenhernandez.org\/pl\/wp-json\/wp\/v2\/pages"}],"about":[{"href":"https:\/\/carmenhernandez.org\/pl\/wp-json\/wp\/v2\/types\/page"}],"author":[{"embeddable":true,"href":"https:\/\/carmenhernandez.org\/pl\/wp-json\/wp\/v2\/users\/3"}],"replies":[{"embeddable":true,"href":"https:\/\/carmenhernandez.org\/pl\/wp-json\/wp\/v2\/comments?post=3646"}],"version-history":[{"count":3,"href":"https:\/\/carmenhernandez.org\/pl\/wp-json\/wp\/v2\/pages\/3646\/revisions"}],"predecessor-version":[{"id":3649,"href":"https:\/\/carmenhernandez.org\/pl\/wp-json\/wp\/v2\/pages\/3646\/revisions\/3649"}],"wp:featuredmedia":[{"embeddable":true,"href":"https:\/\/carmenhernandez.org\/pl\/wp-json\/wp\/v2\/media\/727"}],"wp:attachment":[{"href":"https:\/\/carmenhernandez.org\/pl\/wp-json\/wp\/v2\/media?parent=3646"}],"curies":[{"name":"wp","href":"https:\/\/api.w.org\/{rel}","templated":true}]}}