{"id":3658,"date":"2021-06-14T00:01:24","date_gmt":"2021-06-14T00:01:24","guid":{"rendered":"https:\/\/carmenhernandez.org\/modlac-sie-za-wstawiennictwem-carmen\/"},"modified":"2026-02-15T03:48:35","modified_gmt":"2026-02-15T03:48:35","slug":"modlac-sie-za-wstawiennictwem-carmen","status":"publish","type":"page","link":"https:\/\/carmenhernandez.org\/pl\/modlac-sie-za-wstawiennictwem-carmen\/","title":{"rendered":"Modl\u0105c si\u0119 za wstawiennictwem Carmen"},"content":{"rendered":"\n<div style=\"height:20px\" aria-hidden=\"true\" class=\"wp-block-spacer\"><\/div>\n\n\n<div class=\"wp-block-image hide-large-screen\">\n<figure class=\"aligncenter size-large\"><img loading=\"lazy\" decoding=\"async\" width=\"1024\" height=\"705\" src=\"https:\/\/carmenhernandez.org\/wp-content\/uploads\/2021\/06\/carmen-hernandez-camino-neocatecumenal-muralla-jerusalen-1024x705.jpg\" alt=\"Carmen Hern\u00e1ndez - Muralla de Jerusal\u00e9n\" class=\"wp-image-231\" srcset=\"https:\/\/carmenhernandez.org\/wp-content\/uploads\/2021\/06\/carmen-hernandez-camino-neocatecumenal-muralla-jerusalen-1024x705.jpg 1024w, https:\/\/carmenhernandez.org\/wp-content\/uploads\/2021\/06\/carmen-hernandez-camino-neocatecumenal-muralla-jerusalen-300x207.jpg 300w, https:\/\/carmenhernandez.org\/wp-content\/uploads\/2021\/06\/carmen-hernandez-camino-neocatecumenal-muralla-jerusalen-768x529.jpg 768w, https:\/\/carmenhernandez.org\/wp-content\/uploads\/2021\/06\/carmen-hernandez-camino-neocatecumenal-muralla-jerusalen.jpg 1210w\" sizes=\"auto, (max-width: 1024px) 100vw, 1024px\" \/><\/figure>\n<\/div>\n\n\n<p>Urodzi\u0142a si\u0119 w \u00d3lvega (Soria \u2013 Hiszpania) 24 listopada 1930 r. Swoje dzieci\u0144stwo sp\u0119dzi\u0142a w Tudeli (Navarra). Pod wp\u0142ywem ducha \u015bw. Franciszka Ksawerego od dziecka odczuwa\u0142a powo\u0142anie misyjne. Studiowa\u0142a chemi\u0119 na Uniwersytecie w Madrycie. Przez pewien czas nale\u017ca\u0142a do \u201eInstytutu Misjonarek Chrystusa Jezusa\u201d i studiowa\u0142a teologi\u0119 w Walencji. W 1964 r. pozna\u0142a Kiko Arg\u00fcello w barakach Palomeras Altas w Madrycie. Poprzez g\u0142oszenie Ewangelii ubogim, w\u015br\u00f3d kt\u00f3rych \u017cyli, B\u00f3g doprowadzi\u0142 ich do syntezy teologiczno\u2013katechetycznej opieraj\u0105cej si\u0119 na S\u0142owie Bo\u017cym, Liturgii i Wsp\u00f3lnocie, co stanie si\u0119 fundamentem Drogi Neokatechumenalnej, kt\u00f3rej Statut zosta\u0142 zatwierdzony przez Stolic\u0119 Apostolsk\u0105 w 2008 roku. \u00d3wczesny Arcybiskup Madrytu Casimiro Morcillo zach\u0119ca\u0142 ich by rozprzestrzeni\u0107 Drog\u0119 w parafiach. Przez ponad 50 lat wraz z Kiko Arg\u00fcello oddawa\u0142a swe \u017cycie g\u0142osz\u0105c Ewangeli\u0119 po ca\u0142ym \u015bwiecie. Mia\u0142a ogromn\u0105 mi\u0142o\u015b\u0107 do Jezusa Chrystusa, do Ko\u015bcio\u0142a, do Matki Bo\u017cej, do Papie\u017ca, do Liturgii, do Pisma \u015awi\u0119tego i do hebrajskich korzeni chrze\u015bcija\u0144stwa. Zmar\u0142a w Madrycie 19 lipca 2016 roku.<\/p>\n\n\n\n<div style=\"height:30px\" aria-hidden=\"true\" class=\"wp-block-spacer\"><\/div>\n\n\n\n<h4 class=\"wp-block-heading has-text-align-center\">MODLITWA DO PRYWATNEGO ODMAWIANIA<\/h4>\n\n\n\n<h6 class=\"wp-block-heading has-text-align-center\">BY PROSI\u0106 O \u0141ASKI I POMOC ZA WSTAWIENNICTWEM CARMEN HERN\u00c1NDEZ<\/h6>\n\n\n\n<hr class=\"wp-block-separator has-alpha-channel-opacity\"\/>\n\n\n\n<h6 class=\"wp-block-heading has-text-align-center\" id=\"block-3d7eaf8b-e1c4-410c-8e70-0f92129481ca\"><strong>BO\u017bE,<\/strong><\/h6>\n\n\n\n<h6 class=\"wp-block-heading has-text-align-center\"><strong>KT\u00d3RY WYBIERAJ\u0104C S\u0141UG\u0118 BO\u017b\u0104 CARMEN HERN\u00c1NDEZ<\/strong><\/h6>\n\n\n\n<h6 class=\"wp-block-heading has-text-align-center\"><strong>NA WSP\u00d3\u0141INICJATORK\u0118 DROGI NEOKATECHUMENALNEJ,<\/strong><\/h6>\n\n\n\n<h6 class=\"wp-block-heading has-text-align-center\"><strong>OBDARZY\u0141E\u015a J\u0104 WIELK\u0104 MI\u0141O\u015aCI\u0104 DO JEZUSA CHRYSTUSA I DO KO\u015aCIO\u0141A,<\/strong><\/h6>\n\n\n\n<h6 class=\"wp-block-heading has-text-align-center\"><strong>DO PISMA \u015aWI\u0118TEGO I DO MODLITWY LITURGICZNEJ,<\/strong><\/h6>\n\n\n\n<h6 class=\"wp-block-heading has-text-align-center\"><strong>P\u0141OMIENN\u0104 GORLIWO\u015aCI\u0104 DO W\u0118DROWNEGO G\u0141OSZENIA EWANGELII<\/strong><\/h6>\n\n\n\n<h6 class=\"wp-block-heading has-text-align-center\"><strong>I WIERNO\u015aCI\u0104 TOBIE W PR\u00d3BIE KRZY\u017bA;<\/strong><\/h6>\n\n\n\n<h6 class=\"wp-block-heading has-text-align-center\"><strong>ZA JEJ WSTAWIENNICTWEM, DAJ MI<\/strong><\/h6>\n\n\n\n<h6 class=\"wp-block-heading has-text-align-center\"><strong>BY\u0106 WIERNYM \u0141ASCE CHRZTU, KT\u00d3RY OTRZYMA\u0141EM;<\/strong><\/h6>\n\n\n\n<h6 class=\"wp-block-heading has-text-align-center\"><strong>JE\u015aLI TO JEST TWOJ\u0104 WOL\u0104, DAJ MI \u0141ASK\u0118, O KT\u00d3R\u0104 CI\u0118 PROSZ\u0118.<\/strong><\/h6>\n\n\n\n<h6 class=\"wp-block-heading has-text-align-center\"><strong>PRZEZ CHRYSTUSA, PANA NASZEGO. AMEN<\/strong><\/h6>\n\n\n\n<h6 class=\"wp-block-heading has-text-align-center\">OJCZE NASZ. ZDROWA\u015a MARYJO. CHWA\u0141A OJCU<\/h6>\n\n\n\n<div style=\"height:30px\" aria-hidden=\"true\" class=\"wp-block-spacer\"><\/div>\n\n\n\n<p class=\"has-text-align-center\">Zgodnie z dekretami Urbana VIII nie chcemy w \u017caden spos\u00f3b uprzedza\u0107 os\u0105du Autorytetu Ko\u015bcio\u0142a. ZA ZEZWOLENIEM KOMPETENTNEJ W\u0141ADZY KO\u015aCIELNEJ. (Archidiecezja Madrytu)<\/p>\n\n\n\n<div style=\"height:20px\" aria-hidden=\"true\" class=\"wp-block-spacer\"><\/div>\n\n\n\n<div class=\"wp-block-buttons is-content-justification-center is-layout-flex wp-container-core-buttons-is-layout-16018d1d wp-block-buttons-is-layout-flex\">\n<div class=\"wp-block-button is-style-outline is-style-outline--1\"><a class=\"wp-block-button__link wp-element-button\" href=\"https:\/\/carmenhernandez.org\/pl\/kontakt\/\">Aby poinformowa\u0107 o otrzymanych \u0142askach: carmen@redemptorismater.pl<\/a><\/div>\n<\/div>\n\n\n\n<div style=\"height:30px\" aria-hidden=\"true\" class=\"wp-block-spacer\"><\/div>\n\n\n\n<figure class=\"wp-block-gallery has-nested-images columns-default is-cropped wp-block-gallery-2 is-layout-flex wp-block-gallery-is-layout-flex\">\n<figure class=\"wp-block-image size-full\"><img decoding=\"async\" data-id=\"3287\" src=\"https:\/\/carmenhernandez.org\/wp-content\/uploads\/2023\/04\/obrazek-carmen-hernandez-sluga-boza-pl-avso.jpg\" alt=\"\" class=\"wp-image-3287\"\/><\/figure>\n\n\n\n<figure class=\"wp-block-image size-full\"><img decoding=\"async\" data-id=\"3296\" src=\"https:\/\/carmenhernandez.org\/wp-content\/uploads\/2023\/04\/obrazek-carmen-hernandez-sluga-boza-pl-rvso.jpg\" alt=\"\" class=\"wp-image-3296\"\/><\/figure>\n<\/figure>\n\n\n\n<div style=\"height:20px\" aria-hidden=\"true\" class=\"wp-block-spacer\"><\/div>\n\n\n\n<h6 class=\"wp-block-heading has-text-align-center\">\u015aCI\u0104GNIJ<\/h6>\n\n\n<div class=\"wp-block-image\">\n<figure class=\"aligncenter size-full\"><a href=\"https:\/\/neocatechumenaleiter.org\/wp-content\/uploads\/2023\/03\/obrazek-carmen-hernandez-sluga-boza-pl.pdf\"><img loading=\"lazy\" decoding=\"async\" width=\"128\" height=\"128\" src=\"https:\/\/carmenhernandez.org\/wp-content\/uploads\/2021\/11\/icopdf.png\" alt=\"Carmen Hern\u00e1ndez PDF file download icon\" class=\"wp-image-1293\"\/><\/a><\/figure>\n<\/div>\n\n\n<div style=\"height:20px\" aria-hidden=\"true\" class=\"wp-block-spacer\"><\/div>\n\n\n\n<hr class=\"wp-block-separator has-css-opacity is-style-wide\"\/>\n\n\n\n<div style=\"height:20px\" aria-hidden=\"true\" class=\"wp-block-spacer\"><\/div>\n\n\n\n<div align=\"center\" class=\"wpml-ls-statics-shortcode_actions wpml-ls wpml-ls-legacy-list-horizontal\">\r\n\t<ul>\r\n    \t<!-- <li class=\"wpml-ls-slot-shortcode_actions wpml-ls-item wpml-ls-item-es wpml-ls-current-language wpml-ls-first-item wpml-ls-item-legacy-list-horizontal\">\r\n\t\t\t<a href=\"https:\/\/carmenhernandez.org\/pl\/modlac-sie-za-wstawiennictwem-carmen\/\" class=\"wpml-ls-link\">\r\n            \t<img loading=\"lazy\" decoding=\"async\" class=\"wpml-ls-flag\" src=\"https:\/\/carmenhernandez.org\/wp-content\/plugins\/sitepress-multilingual-cms\/res\/flags\/es.png\" alt=\"\" width=\"18\" height=\"12\"><span class=\"wpml-ls-native\">Espa\u00f1ol<\/span>\r\n            <\/a>\r\n\t\t<\/li>\r\n        \r\n        <li class=\"wpml-ls-slot-shortcode_actions wpml-ls-item wpml-ls-item-it wpml-ls-item-legacy-list-horizontal\">\r\n\t\t\t<a href=\"https:\/\/carmenhernandez.org\/pl\/modlac-sie-za-wstawiennictwem-carmen\/\" class=\"wpml-ls-link\">\r\n            \t<img loading=\"lazy\" decoding=\"async\" class=\"wpml-ls-flag\" src=\"https:\/\/carmenhernandez.org\/wp-content\/plugins\/sitepress-multilingual-cms\/res\/flags\/it.png\" alt=\"\" width=\"18\" height=\"12\"><span class=\"wpml-ls-native\" lang=\"it\">Italiano<\/span><\/a>\r\n\t\t<\/li>\r\n        \r\n        <li class=\"wpml-ls-slot-shortcode_actions wpml-ls-item wpml-ls-item-en wpml-ls-item-legacy-list-horizontal\">\r\n\t\t\t<a href=\"https:\/\/carmenhernandez.org\/pl\/modlac-sie-za-wstawiennictwem-carmen\/\" class=\"wpml-ls-link\">\r\n            \t<img loading=\"lazy\" decoding=\"async\" class=\"wpml-ls-flag\" src=\"https:\/\/carmenhernandez.org\/wp-content\/plugins\/sitepress-multilingual-cms\/res\/flags\/en.png\" alt=\"\" width=\"18\" height=\"12\"><span class=\"wpml-ls-native\" lang=\"en\">English<\/span><\/a>\r\n\t\t<\/li>\r\n        \r\n        <li class=\"wpml-ls-slot-shortcode_actions wpml-ls-item wpml-ls-item-pt-br wpml-ls-item-legacy-list-horizontal\">\r\n\t\t\t<a href=\"https:\/\/carmenhernandez.org\/pl\/modlac-sie-za-wstawiennictwem-carmen\/\" class=\"wpml-ls-link\">\r\n            \t<img loading=\"lazy\" decoding=\"async\" class=\"wpml-ls-flag\" src=\"https:\/\/carmenhernandez.org\/wp-content\/plugins\/sitepress-multilingual-cms\/res\/flags\/pt-br.png\" alt=\"\" width=\"18\" height=\"12\"><span class=\"wpml-ls-native\" lang=\"pt-br\">Portugu\u00eas<\/span><\/a>\r\n\t\t<\/li>\r\n        \r\n        <li class=\"wpml-ls-slot-shortcode_actions wpml-ls-item wpml-ls-item-fr wpml-ls-item-legacy-list-horizontal\">\r\n\t\t\t<a href=\"https:\/\/carmenhernandez.org\/pl\/modlac-sie-za-wstawiennictwem-carmen\/\" class=\"wpml-ls-link\">\r\n            \t<img loading=\"lazy\" decoding=\"async\" class=\"wpml-ls-flag\" src=\"https:\/\/carmenhernandez.org\/wp-content\/plugins\/sitepress-multilingual-cms\/res\/flags\/fr.png\" alt=\"\" width=\"18\" height=\"12\"><span class=\"wpml-ls-native\" lang=\"fr\">Fran\u00e7ais<\/span><\/a>\r\n\t\t<\/li>\r\n        \r\n        <li class=\"wpml-ls-slot-shortcode_actions wpml-ls-item wpml-ls-item-ru wpml-ls-item-legacy-list-horizontal\">\r\n\t\t\t<a href=\"https:\/\/carmenhernandez.org\/pl\/modlac-sie-za-wstawiennictwem-carmen\/\" class=\"wpml-ls-link\">\r\n            \t<img loading=\"lazy\" decoding=\"async\" class=\"wpml-ls-flag\" src=\"https:\/\/carmenhernandez.org\/wp-content\/plugins\/sitepress-multilingual-cms\/res\/flags\/ru.png\" alt=\"\" width=\"18\" height=\"12\"><span class=\"wpml-ls-native\" lang=\"ru\">\u0420\u0443\u0441\u0441\u043a\u0438\u0439<\/span><\/a>\r\n\t\t<\/li>\r\n        \r\n        <li class=\"wpml-ls-slot-shortcode_actions wpml-ls-item wpml-ls-item-uk wpml-ls-item-legacy-list-horizontal\">\r\n\t\t\t<a href=\"https:\/\/carmenhernandez.org\/pl\/modlac-sie-za-wstawiennictwem-carmen\/\" class=\"wpml-ls-link\">\r\n            \t<img loading=\"lazy\" decoding=\"async\" class=\"wpml-ls-flag\" src=\"https:\/\/carmenhernandez.org\/wp-content\/plugins\/sitepress-multilingual-cms\/res\/flags\/uk.png\" alt=\"\" width=\"18\" height=\"12\"><span class=\"wpml-ls-native\" lang=\"uk\">Ukrainian<\/span><\/a>\r\n\t\t<\/li>\r\n        \r\n        <li class=\"wpml-ls-slot-shortcode_actions wpml-ls-item wpml-ls-item-de wpml-ls-item-legacy-list-horizontal\">\r\n\t\t\t<a href=\"https:\/\/carmenhernandez.org\/pl\/modlac-sie-za-wstawiennictwem-carmen\/\" class=\"wpml-ls-link\">\r\n            \t<img loading=\"lazy\" decoding=\"async\" class=\"wpml-ls-flag\" src=\"https:\/\/carmenhernandez.org\/wp-content\/plugins\/sitepress-multilingual-cms\/res\/flags\/de.png\" alt=\"\" width=\"18\" height=\"12\"><span class=\"wpml-ls-native\" lang=\"de\">Deutsch<\/span><\/a>\r\n\t\t<\/li> -->\r\n        \r\n        <li class=\"wpml-ls-slot-shortcode_actions wpml-ls-item wpml-ls-item-hr wpml-ls-item-legacy-list-horizontal\">\r\n\t\t\t<a target=\"_blank\" href=\"https:\/\/neocatechumenaleiter.org\/hr\/moleci-po-zagovoru-carmen-hernandez\/\" class=\"wpml-ls-link\" rel=\"noopener\">\r\n            \t<img loading=\"lazy\" decoding=\"async\" class=\"wpml-ls-flag\" src=\"https:\/\/carmenhernandez.org\/wp-content\/plugins\/sitepress-multilingual-cms\/res\/flags\/hr.png\" alt=\"\" width=\"18\" height=\"12\"\/><span class=\"wpml-ls-native\" lang=\"hr\">Hrvatski<\/span><\/a>\r\n\t\t<\/li>\r\n        \r\n        <!-- <li class=\"wpml-ls-slot-shortcode_actions wpml-ls-item wpml-ls-item-pl wpml-ls-last-item wpml-ls-item-legacy-list-horizontal\">\r\n\t\t\t<a href=\"https:\/\/carmenhernandez.org\/pl\/modlac-sie-za-wstawiennictwem-carmen\/\" class=\"wpml-ls-link\">\r\n            \t<img loading=\"lazy\" decoding=\"async\" class=\"wpml-ls-flag\" src=\"https:\/\/carmenhernandez.org\/wp-content\/plugins\/sitepress-multilingual-cms\/res\/flags\/pl.png\" alt=\"\" width=\"18\" height=\"12\"><span class=\"wpml-ls-native\" lang=\"pl\">Polski<\/span><\/a>\r\n\t\t<\/li> -->\r\n        \r\n        <li class=\"wpml-ls-slot-shortcode_actions wpml-ls-item wpml-ls-item-nl wpml-ls-item-legacy-list-horizontal\">\r\n\t\t\t<a target=\"_blank\" href=\"https:\/\/neocatechumenaleiter.org\/nl\/bidden-op-voorspraak-van-carmen-hernandez\/\" class=\"wpml-ls-link\" rel=\"noopener\">\r\n            \t<img loading=\"lazy\" decoding=\"async\" class=\"wpml-ls-flag\" src=\"https:\/\/carmenhernandez.org\/wp-content\/plugins\/sitepress-multilingual-cms\/res\/flags\/nl.png\" alt=\"\" width=\"18\" height=\"12\"\/><span class=\"wpml-ls-native\" lang=\"nl\">Nederlands<\/span><\/a>\r\n\t\t<\/li>\r\n        \r\n        <li class=\"wpml-ls-slot-shortcode_actions wpml-ls-item wpml-ls-item-et wpml-ls-item-legacy-list-horizontal\">\r\n\t\t\t<a target=\"_blank\" href=\"https:\/\/neocatechumenaleiter.org\/et\/palvetades-carmeni-hernandezi-eestkoste-kaudu\/\" class=\"wpml-ls-link\" rel=\"noopener\">\r\n            \t<img loading=\"lazy\" decoding=\"async\" class=\"wpml-ls-flag\" src=\"https:\/\/carmenhernandez.org\/wp-content\/plugins\/sitepress-multilingual-cms\/res\/flags\/et.png\" alt=\"\" width=\"18\" height=\"12\"\/><span class=\"wpml-ls-native\" lang=\"et\">Eesti<\/span><\/a>\r\n\t\t<\/li>\r\n        \r\n        <li class=\"wpml-ls-slot-shortcode_actions wpml-ls-item wpml-ls-item-lv wpml-ls-item-legacy-list-horizontal\">\r\n\t\t\t<a target=\"_blank\" href=\"https:\/\/neocatechumenaleiter.org\/lv\/ludzoties-par-carmen-aizbildniecibu\/\" class=\"wpml-ls-link\" rel=\"noopener\">\r\n            \t<img loading=\"lazy\" decoding=\"async\" class=\"wpml-ls-flag\" src=\"https:\/\/carmenhernandez.org\/wp-content\/plugins\/sitepress-multilingual-cms\/res\/flags\/lv.png\" alt=\"\" width=\"18\" height=\"12\"\/><span class=\"wpml-ls-native\" lang=\"lv\">Latvie\u0161u<\/span><\/a>\r\n\t\t<\/li>\r\n        \r\n        <li class=\"wpml-ls-slot-shortcode_actions wpml-ls-item wpml-ls-item-lt wpml-ls-item-legacy-list-horizontal\">\r\n\t\t\t<a target=\"_blank\" href=\"https:\/\/neocatechumenaleiter.org\/lt\/malda-prasant-carmen-uztarimo\/\" class=\"wpml-ls-link\" rel=\"noopener\">\r\n            \t<img loading=\"lazy\" decoding=\"async\" class=\"wpml-ls-flag\" src=\"https:\/\/carmenhernandez.org\/wp-content\/plugins\/sitepress-multilingual-cms\/res\/flags\/lt.png\" alt=\"\" width=\"18\" height=\"12\"\/><span class=\"wpml-ls-native\" lang=\"lt\">Lietuvos<\/span><\/a>\r\n\t\t<\/li>\r\n        \r\n        <li class=\"wpml-ls-slot-shortcode_actions wpml-ls-item wpml-ls-item-sv wpml-ls-item-legacy-list-horizontal\">\r\n\t\t\t<a target=\"_blank\" href=\"https:\/\/neocatechumenaleiter.org\/sv\/att-be-genom-carmen-hernandez-forbon\/\" class=\"wpml-ls-link\" rel=\"noopener\">\r\n            \t<img loading=\"lazy\" decoding=\"async\" class=\"wpml-ls-flag\" src=\"https:\/\/carmenhernandez.org\/wp-content\/plugins\/sitepress-multilingual-cms\/res\/flags\/sv.png\" alt=\"\" width=\"18\" height=\"12\"\/><span class=\"wpml-ls-native\" lang=\"sv\">Svenska<\/span><\/a>\r\n\t\t<\/li>\r\n        \r\n        <li class=\"wpml-ls-slot-shortcode_actions wpml-ls-item wpml-ls-item-da wpml-ls-item-legacy-list-horizontal\">\r\n\t\t\t<a target=\"_blank\" href=\"https:\/\/neocatechumenaleiter.org\/da\/at-bede-ved-carmen-hernandez-forboen\/\" class=\"wpml-ls-link\" rel=\"noopener\">\r\n            \t<img loading=\"lazy\" decoding=\"async\" class=\"wpml-ls-flag\" src=\"https:\/\/carmenhernandez.org\/wp-content\/plugins\/sitepress-multilingual-cms\/res\/flags\/da.png\" alt=\"\" width=\"18\" height=\"12\"\/><span class=\"wpml-ls-native\" lang=\"da\">Dansk<\/span><\/a>\r\n\t\t<\/li>\r\n        \r\n        <li class=\"wpml-ls-slot-shortcode_actions wpml-ls-item wpml-ls-item-sw wpml-ls-item-legacy-list-horizontal\">\r\n\t\t\t<a target=\"_blank\" href=\"https:\/\/neocatechumenaleiter.org\/sw\/kusali-kwa-kupitia-maombezi-ya-carmen-hernandez\/\" class=\"wpml-ls-link\" rel=\"noopener\">\r\n            \t<img loading=\"lazy\" decoding=\"async\" class=\"wpml-ls-flag\" src=\"https:\/\/neocatechumenaleiter.org\/wp-content\/uploads\/flags\/sw.png\" alt=\"\" width=\"18\" height=\"12\"\/><span class=\"wpml-ls-native\" lang=\"sw\">Swahili<\/span><\/a>\r\n\t\t<\/li>\r\n        \r\n        <li class=\"wpml-ls-slot-shortcode_actions wpml-ls-item wpml-ls-item-ja wpml-ls-item-legacy-list-horizontal\">\r\n\t\t\t<a target=\"_blank\" href=\"https:\/\/neocatechumenaleiter.org\/ja\/%e3%82%ab%e3%83%ab%e3%83%a1%e3%83%b3%e3%83%bb%e3%82%a8%e3%83%ab%e3%83%8a%e3%83%b3%e3%83%87%e3%82%b9%e3%81%ae%e5%8f%96%e3%82%8a%e6%ac%a1%e3%81%8e%e3%82%92%e9%a1%98%e3%81%86%e3%80%82\/\" class=\"wpml-ls-link\" rel=\"noopener\">\r\n            \t<img loading=\"lazy\" decoding=\"async\" class=\"wpml-ls-flag\" src=\"https:\/\/carmenhernandez.org\/wp-content\/plugins\/sitepress-multilingual-cms\/res\/flags\/ja.png\" alt=\"\" width=\"18\" height=\"12\"\/><span class=\"wpml-ls-native\" lang=\"ja\">\u65e5\u672c\u8a9e<\/span><\/a>\r\n\t\t<\/li>\r\n        \r\n        <li class=\"wpml-ls-slot-shortcode_actions wpml-ls-item wpml-ls-item-ar wpml-ls-item-legacy-list-horizontal\">\r\n\t\t\t<a target=\"_blank\" href=\"https:\/\/neocatechumenaleiter.org\/ar\/%d8%b5%d9%84%d8%a7%d8%aa%d9%86%d8%a7-%d8%a8%d8%b4%d9%81%d8%a7%d8%b9%d8%a9%d9%83%d8%a7%d8%b1%d9%85%d9%86\/\" class=\"wpml-ls-link\" rel=\"noopener\">\r\n            \t<img loading=\"lazy\" decoding=\"async\" class=\"wpml-ls-flag\" src=\"https:\/\/neocatechumenaleiter.org\/wp-content\/uploads\/flags\/ar.png\" alt=\"\" width=\"18\" height=\"12\"\/><span class=\"wpml-ls-native\" lang=\"ar\">\u0627\u0644\u0639\u0631\u0628\u064a\u0629<\/span><\/a>\r\n\t\t<\/li>\r\n\t<\/ul>\r\n<\/div>\n\n\n\n<div style=\"height:20px\" aria-hidden=\"true\" class=\"wp-block-spacer\"><\/div>\n\n\n\n<hr class=\"wp-block-separator has-alpha-channel-opacity is-style-wide\"\/>\n","protected":false},"excerpt":{"rendered":"<p>Urodzi\u0142a si\u0119 w \u00d3lvega (Soria \u2013 Hiszpania) 24 listopada 1930 r. Swoje dzieci\u0144stwo sp\u0119dzi\u0142a w Tudeli (Navarra). Pod wp\u0142ywem ducha \u015bw. Franciszka Ksawerego od dziecka odczuwa\u0142a powo\u0142anie misyjne. Studiowa\u0142a chemi\u0119 na Uniwersytecie w Madrycie. Przez pewien czas nale\u017ca\u0142a do \u201eInstytutu Misjonarek Chrystusa Jezusa\u201d i studiowa\u0142a teologi\u0119 w Walencji. W 1964<\/p>\n<div class=\"belowpost\"><a class=\"btnmore icon-arrow\" href=\"https:\/\/carmenhernandez.org\/pl\/modlac-sie-za-wstawiennictwem-carmen\/\"><span>Read More<\/span><\/a><\/div>\n","protected":false},"author":3,"featured_media":622,"parent":0,"menu_order":0,"comment_status":"closed","ping_status":"closed","template":"","meta":{"footnotes":""},"class_list":["post-3658","page","type-page","status-publish","has-post-thumbnail","hentry"],"_links":{"self":[{"href":"https:\/\/carmenhernandez.org\/pl\/wp-json\/wp\/v2\/pages\/3658","targetHints":{"allow":["GET"]}}],"collection":[{"href":"https:\/\/carmenhernandez.org\/pl\/wp-json\/wp\/v2\/pages"}],"about":[{"href":"https:\/\/carmenhernandez.org\/pl\/wp-json\/wp\/v2\/types\/page"}],"author":[{"embeddable":true,"href":"https:\/\/carmenhernandez.org\/pl\/wp-json\/wp\/v2\/users\/3"}],"replies":[{"embeddable":true,"href":"https:\/\/carmenhernandez.org\/pl\/wp-json\/wp\/v2\/comments?post=3658"}],"version-history":[{"count":11,"href":"https:\/\/carmenhernandez.org\/pl\/wp-json\/wp\/v2\/pages\/3658\/revisions"}],"predecessor-version":[{"id":4581,"href":"https:\/\/carmenhernandez.org\/pl\/wp-json\/wp\/v2\/pages\/3658\/revisions\/4581"}],"wp:featuredmedia":[{"embeddable":true,"href":"https:\/\/carmenhernandez.org\/pl\/wp-json\/wp\/v2\/media\/622"}],"wp:attachment":[{"href":"https:\/\/carmenhernandez.org\/pl\/wp-json\/wp\/v2\/media?parent=3658"}],"curies":[{"name":"wp","href":"https:\/\/api.w.org\/{rel}","templated":true}]}}