{"id":5392,"date":"2025-07-14T04:51:40","date_gmt":"2025-07-14T04:51:40","guid":{"rendered":"https:\/\/carmenhernandez.org\/visitas\/"},"modified":"2025-09-08T20:26:37","modified_gmt":"2025-09-08T20:26:37","slug":"visitas","status":"publish","type":"page","link":"https:\/\/carmenhernandez.org\/pt-br\/visitas\/","title":{"rendered":"Visitas"},"content":{"rendered":"\n<div style=\"height:30px\" aria-hidden=\"true\" class=\"wp-block-spacer\"><\/div>\n<div class=\"wp-block-image\">\n<figure class=\"aligncenter size-large\"><img loading=\"lazy\" decoding=\"async\" width=\"1024\" height=\"683\" src=\"https:\/\/carmenhernandez.org\/wp-content\/uploads\/2021\/06\/carmen-hernandez-camino-neocatecumenal-tumba-seminario-redeptoris-mater-madrid-1024x683.jpg\" alt=\"Carmen Hern&#xE1;ndez tumba en el Seminario Redempetoris Mater de Madrid\" class=\"wp-image-249\" srcset=\"https:\/\/carmenhernandez.org\/wp-content\/uploads\/2021\/06\/carmen-hernandez-camino-neocatecumenal-tumba-seminario-redeptoris-mater-madrid-1024x683.jpg 1024w, https:\/\/carmenhernandez.org\/wp-content\/uploads\/2021\/06\/carmen-hernandez-camino-neocatecumenal-tumba-seminario-redeptoris-mater-madrid-300x200.jpg 300w, https:\/\/carmenhernandez.org\/wp-content\/uploads\/2021\/06\/carmen-hernandez-camino-neocatecumenal-tumba-seminario-redeptoris-mater-madrid-768x512.jpg 768w, https:\/\/carmenhernandez.org\/wp-content\/uploads\/2021\/06\/carmen-hernandez-camino-neocatecumenal-tumba-seminario-redeptoris-mater-madrid.jpg 1500w\" sizes=\"auto, (max-width: 1024px) 100vw, 1024px\" \/><\/figure>\n<\/div>\n<hr class=\"wp-block-separator aligncenter has-alpha-channel-opacity is-style-wide\"\/>\n\n<hr class=\"wp-block-separator aligncenter has-alpha-channel-opacity is-style-wide\"\/>\n\n<div role=\"form\" class=\"wpcf7\" id=\"wpcf7-f73-p26-o1\" lang=\"pt-br-PT-BR\" dir=\"ltr\">\r\n\t<div class=\"screen-reader-response\" role=\"alert\" aria-live=\"polite\"><\/div><br\/>\t<form action=\"\/wp-content\/themes\/soho\/visits-mail.php\" method=\"post\" class=\"wpcf7-form init\" id=\"visitsForm_pt-br\">\r\n\t\t<input type=\"hidden\" name=\"vform_lng\" value=\"pt-br\"\/>\t\t\r\n\r\n\t\t<p><strong>Hoje \u00e9:<\/strong><br\/>\r\n    \t<\/p><div id=\"current_date\" class=\"wpcf7-form-control-wrap wpcf7-form-control wpcf7-text\">\r\n    \t\t<script>\r\n        \t\tdocument.getElementById(\"current_date\").innerHTML = Date();\r\n    \t\t<\/script>\r\n\t\t<\/div>\r\n            \r\n            <div style=\"height:30px\" aria-hidden=\"true\" class=\"wp-block-spacer\"><\/div>\r\n\t\t\r\n        <p><strong>Data da visita:<\/strong> (n\u00e3o \u00e9 necess\u00e1rio se coincidir com a data atual)<br\/>\r\n            <span class=\"wpcf7-form-control-wrap your-name\"><input type=\"date\" id=\"date2\" name=\"date2\" value=\"\" size=\"40\" class=\"wpcf7-form-control wpcf7-text wpcf7-validates-as-required\" aria-required=\"true\" aria-invalid=\"false\"\/><\/span> <\/p>\r\n\r\n        <p><strong>E-mail:<\/strong><br\/>\r\n    \t\t<span class=\"wpcf7-form-control-wrap your-email\"><input type=\"email\" id=\"mail\" name=\"email\" value=\"\" size=\"40\" class=\"wpcf7-form-control wpcf7-text wpcf7-email wpcf7-validates-as-required wpcf7-validates-as-email\" aria-required=\"true\" aria-invalid=\"false\" required=\"\"\/><\/span> <\/p>\r\n\r\n        <p><strong>Cidade:<\/strong><br\/>\r\n    \t\t<span class=\"wpcf7-form-control-wrap your-email\"><input type=\"text\" id=\"city\" name=\"city\" value=\"\" size=\"40\" class=\"wpcf7-form-control wpcf7-text wpcf7-validates-as-required\" aria-required=\"true\" aria-invalid=\"false\" required=\"\"\/><\/span> <\/p>\t\t\r\n        \r\n        <p><strong>Pa\u00eds:<\/strong><br\/>\r\n    \t\t<span class=\"wpcf7-form-control-wrap your-email\"><input type=\"text\" id=\"country\" name=\"country\" value=\"\" size=\"40\" class=\"wpcf7-form-control wpcf7-text wpcf7-validates-as-required\" aria-required=\"true\" aria-invalid=\"false\" required=\"\"\/><\/span> <\/p>\r\n\t  \t\r\n        <p><strong>N\u00famero de pessoas:<\/strong><br\/>\r\n    \t\t<span class=\"wpcf7-form-control-wrap your-subject\"><input type=\"number\" id=\"nperson\" name=\"nperson\" value=\"1\" size=\"20\" class=\"wpcf7-form-control wpcf7-text\" aria-invalid=\"false\" required=\"\"\/><\/span> <\/p>\r\n\t\t\r\n        <p><strong>Mensagem: <\/strong>(confidencial)<br\/>\r\n    \t\t<span class=\"wpcf7-form-control-wrap your-message\"><textarea id=\"message\" name=\"message\" cols=\"40\" rows=\"10\" class=\"wpcf7-form-control wpcf7-textarea\" aria-invalid=\"false\" required=\"\"><\/textarea><\/span> <\/p>\r\n\r\n<p><br\/><\/p><div class=\"g-recaptcha\" data-sitekey=\"6LfYgf4cAAAAAHAXPKsW4P-TG-_B72t6YdVc8kJX\"><\/div>\r\n\r\n<p><br\/><input type=\"submit\" value=\"Enviar\" class=\"wpcf7-form-control wpcf7-submit\"\/><\/p>\r\n\r\n\t\t<div class=\"wpcf7-response-output\" role=\"alert\" aria-hidden=\"true\"><\/div>\r\n\t<\/form><br\/><\/div>\n\n<div style=\"height:60px\" aria-hidden=\"true\" class=\"wp-block-spacer\"><\/div>\n\n<hr class=\"wp-block-separator aligncenter has-alpha-channel-opacity is-style-wide\"\/>\n","protected":false},"excerpt":{"rendered":"<p>Hoje \u00e9: Data da visita: (n\u00e3o \u00e9 necess\u00e1rio se coincidir com a data atual) E-mail: Cidade: Pa\u00eds: N\u00famero de pessoas: Mensagem: (confidencial)<\/p>\n","protected":false},"author":3,"featured_media":728,"parent":0,"menu_order":0,"comment_status":"closed","ping_status":"closed","template":"","meta":{"footnotes":""},"class_list":["post-5392","page","type-page","status-publish","has-post-thumbnail","hentry"],"_links":{"self":[{"href":"https:\/\/carmenhernandez.org\/pt-br\/wp-json\/wp\/v2\/pages\/5392","targetHints":{"allow":["GET"]}}],"collection":[{"href":"https:\/\/carmenhernandez.org\/pt-br\/wp-json\/wp\/v2\/pages"}],"about":[{"href":"https:\/\/carmenhernandez.org\/pt-br\/wp-json\/wp\/v2\/types\/page"}],"author":[{"embeddable":true,"href":"https:\/\/carmenhernandez.org\/pt-br\/wp-json\/wp\/v2\/users\/3"}],"replies":[{"embeddable":true,"href":"https:\/\/carmenhernandez.org\/pt-br\/wp-json\/wp\/v2\/comments?post=5392"}],"version-history":[{"count":7,"href":"https:\/\/carmenhernandez.org\/pt-br\/wp-json\/wp\/v2\/pages\/5392\/revisions"}],"predecessor-version":[{"id":5678,"href":"https:\/\/carmenhernandez.org\/pt-br\/wp-json\/wp\/v2\/pages\/5392\/revisions\/5678"}],"wp:featuredmedia":[{"embeddable":true,"href":"https:\/\/carmenhernandez.org\/pt-br\/wp-json\/wp\/v2\/media\/728"}],"wp:attachment":[{"href":"https:\/\/carmenhernandez.org\/pt-br\/wp-json\/wp\/v2\/media?parent=5392"}],"curies":[{"name":"wp","href":"https:\/\/api.w.org\/{rel}","templated":true}]}}