{"id":862,"date":"2021-06-13T21:42:53","date_gmt":"2021-06-13T21:42:53","guid":{"rendered":"https:\/\/carmenhernandez.org\/biografia\/"},"modified":"2021-12-09T12:35:33","modified_gmt":"2021-12-09T12:35:33","slug":"biografia","status":"publish","type":"page","link":"https:\/\/carmenhernandez.org\/pt-br\/biografia\/","title":{"rendered":"Biografia"},"content":{"rendered":"\n<h4 class=\"alignwide has-text-align-center wp-block-heading\">24 de novembro de 1930,<br>\u2020 Madrid, 19 de julho de 2016<\/h4>\n\n\n\n<figure class=\"wp-block-image size-large hide-large-screen\"><img loading=\"lazy\" decoding=\"async\" width=\"1024\" height=\"759\" src=\"https:\/\/carmenhernandez.org\/wp-content\/uploads\/2021\/06\/carmen-hernandez-camino-neocatecumenal-biografia-1024x759.jpg\" alt=\"Carmen Hern\u00e1ndez Barrera\" class=\"wp-image-560\" srcset=\"https:\/\/carmenhernandez.org\/wp-content\/uploads\/2021\/06\/carmen-hernandez-camino-neocatecumenal-biografia-1024x759.jpg 1024w, https:\/\/carmenhernandez.org\/wp-content\/uploads\/2021\/06\/carmen-hernandez-camino-neocatecumenal-biografia-300x222.jpg 300w, https:\/\/carmenhernandez.org\/wp-content\/uploads\/2021\/06\/carmen-hernandez-camino-neocatecumenal-biografia-768x569.jpg 768w, https:\/\/carmenhernandez.org\/wp-content\/uploads\/2021\/06\/carmen-hernandez-camino-neocatecumenal-biografia.jpg 1350w\" sizes=\"auto, (max-width: 1024px) 100vw, 1024px\" \/><\/figure>\n\n\n\n<p>Carmen foi, com o Kiko, iniciadora do\r\n Caminho. Nasceu em \u00d3lvega (S\u00f3ria, Espanha) em 24 de novembro de 1930. Era a quinta de nove irm\u00e3os &#8211; quatro homens e cinco mulheres &#8211; e viveu sua inf\u00e2ncia em Tudela (Navarra, Espanha). <\/p>\n\n\n\n<p>Em Tudela estudou na Companhia de Maria e teve \r\ncontato com a Companhia de Jesus (Jesu\u00edtas). Por influ\u00eancia do \r\nesp\u00edrito mission\u00e1rio de S\u00e3o Francisco Xavier, desde muito jovem sentiu a \r\nvoca\u00e7\u00e3o de partir em miss\u00e3o para a \u00cdndia. Por vontade de seu pai, em \r\n1948 come\u00e7a a estudar Qu\u00edmica em Madri, onde se licencia com as \r\nqualifica\u00e7\u00f5es m\u00e1ximas no ano de 1954.<\/p>\n\n\n\n<p>Durante um tempo, trabalha com seu pai na ind\u00fastria aliment\u00edcia, em uma f\u00e1brica que a fam\u00edlia tinha em And\u00fajar (Ja\u00e9n), mas decide deix\u00e1-lo para se mudar a Javier, onde entra para participar de um novo instituto mission\u00e1rio: as Mission\u00e1rias de Cristo Jesus. Depois do noviciado, estudou Teologia na casa de forma\u00e7\u00e3o teol\u00f3gica para religiosos em Val\u00eancia. Em 1960 foi destinada \u00e0 \u00cdndia.\r\nPara esta miss\u00e3o teve que se preparar em Londres (o \r\npa\u00eds asi\u00e1tico pertencia, naquele tempo, \u00e0 Commonwealth), onde permaneceu durante um ano. Nesse\r\n tempo, houve uma mudan\u00e7a de dire\u00e7\u00e3o nas Mission\u00e1rias de Cristo \r\nJesus, que limitava sua abertura a miss\u00e3o, levando Carmen a regressar de Londres para Barcelona. Ali conhece o Padre Pedro Farn\u00e9s Sherer, que acabara de finalizar seus estudos no Instituto de Liturgia de Paris pouco antes do Conc\u00edlio Vaticano II e que depois participou ativamente no seu desenvolvimento.<\/p>\n\n\n\n<p>Em suas aulas, P. Farn\u00e9s apresentava as fontes \r\npascais da Eucaristia e uma eclesiologia renovada que mostrava a\r\n Igreja como luz das na\u00e7\u00f5es. O vivo contato de Carmen com os \r\nautores desta renova\u00e7\u00e3o conciliar teve uma grande influ\u00eancia, mais \r\ntarde, na forma\u00e7\u00e3o das catequeses do Caminho Neocatecumenal.<\/p>\n\n\n\n<p>Desde meados de 1963 at\u00e9 meados de 1964, Carmen percorre a Terra Santa com a B\u00edblia, conhecendo os Santos Lugares. \r\nAo seu regresso a Madri, come\u00e7a a trabalhar nos barracos da \r\nperiferia, pensando em ir como mission\u00e1ria para a Bol\u00edvia com outros leigos celibat\u00e1rios. No entanto, ali conhece Kiko Arg\u00fcello, que vivia nos \r\nbarracos de Palomeras Altas, e decide ficar na mesma regi\u00e3o. Entre \r\nos pobres, ambos descobriram a for\u00e7a do Mist\u00e9rio Pascal e\r\n da prega\u00e7\u00e3o do Kerigma (a Boa Not\u00edcia de Cristo morto e \r\nressuscitado), e veio a nascer a primeira comunidade. Gra\u00e7as \u00e0 \r\nconfirma\u00e7\u00e3o desta nova realidade pelo ent\u00e3o arcebispo de Madri,\r\n Mons. Casimiro Morcillo, Carmen colabora com Kiko levando \u00e0s \r\npar\u00f3quias \u2013 primeiro a Madri, depois a Roma, e a partir de ent\u00e3o a \r\noutras cidades e na\u00e7\u00f5es \u2013 esta obra de renova\u00e7\u00e3o da Igreja.<\/p>\n\n\n\n<p>Carmen Hern\u00e1ndez faleceu em 19 de julho de 2016 em \r\nMadri. Em seu funeral, presidido pelo Cardeal Arcebispo de Madri \r\nCarlos Osoro Sierra, e ao qual assistiram milhares de pessoas, o P. Mario \r\nPezzi destacou que, com o Caminho, \u00e9 &#8220;a primeira vez na hist\u00f3ria que \r\numa realidade eclesial \u00e9 fundada por um homem e uma mulher que estiveram \r\ncolaborando constantemente juntos durante mais de 50 anos&#8221;. \r\nAl\u00e9m disso, o Papa enviou uma mensagem na qual assegurou receber &#8220;com emo\u00e7\u00e3o&#8221;\r\n a not\u00edcia da morte de Carmen e destacou sobre ela &#8220;uma longa \r\nexist\u00eancia marcada por seu amor a Jesus e por um grande entusiamo \r\nmission\u00e1rio&#8221;. &#8220;Dou gra\u00e7as ao Senhor pelo testemunho desta mulher, \r\nanimada por um sincero amor \u00e0 Igreja, que gastou sua vida no \r\nan\u00fancio da Boa Not\u00edcia em cada lugar, tamb\u00e9m \u00e0queles mais \r\nafastados, n\u00e3o se esquecendo das pessoas mais marginalizadas&#8221;, escreveu o Papa \r\nFrancisco.<\/p>\n\n\n\n<div style=\"height:30px\" aria-hidden=\"true\" class=\"wp-block-spacer\"><\/div>\n\n\n\n<hr class=\"wp-block-separator is-style-wide\"\/>\n","protected":false},"excerpt":{"rendered":"<p>24 de novembro de 1930,\u2020 Madrid, 19 de julho de 2016 Carmen foi, com o Kiko, iniciadora do Caminho. Nasceu em \u00d3lvega (S\u00f3ria, Espanha) em 24 de novembro de 1930. Era a quinta de nove irm\u00e3os &#8211; quatro homens e cinco mulheres &#8211; e viveu sua inf\u00e2ncia em Tudela (Navarra,<\/p>\n<div class=\"belowpost\"><a class=\"btnmore icon-arrow\" href=\"https:\/\/carmenhernandez.org\/pt-br\/biografia\/\"><span>Read More<\/span><\/a><\/div>\n","protected":false},"author":3,"featured_media":560,"parent":0,"menu_order":0,"comment_status":"closed","ping_status":"closed","template":"","meta":{"footnotes":""},"class_list":["post-862","page","type-page","status-publish","has-post-thumbnail","hentry"],"_links":{"self":[{"href":"https:\/\/carmenhernandez.org\/pt-br\/wp-json\/wp\/v2\/pages\/862","targetHints":{"allow":["GET"]}}],"collection":[{"href":"https:\/\/carmenhernandez.org\/pt-br\/wp-json\/wp\/v2\/pages"}],"about":[{"href":"https:\/\/carmenhernandez.org\/pt-br\/wp-json\/wp\/v2\/types\/page"}],"author":[{"embeddable":true,"href":"https:\/\/carmenhernandez.org\/pt-br\/wp-json\/wp\/v2\/users\/3"}],"replies":[{"embeddable":true,"href":"https:\/\/carmenhernandez.org\/pt-br\/wp-json\/wp\/v2\/comments?post=862"}],"version-history":[{"count":4,"href":"https:\/\/carmenhernandez.org\/pt-br\/wp-json\/wp\/v2\/pages\/862\/revisions"}],"predecessor-version":[{"id":1889,"href":"https:\/\/carmenhernandez.org\/pt-br\/wp-json\/wp\/v2\/pages\/862\/revisions\/1889"}],"wp:featuredmedia":[{"embeddable":true,"href":"https:\/\/carmenhernandez.org\/pt-br\/wp-json\/wp\/v2\/media\/560"}],"wp:attachment":[{"href":"https:\/\/carmenhernandez.org\/pt-br\/wp-json\/wp\/v2\/media?parent=862"}],"curies":[{"name":"wp","href":"https:\/\/api.w.org\/{rel}","templated":true}]}}