{"id":864,"date":"2021-11-22T15:48:23","date_gmt":"2021-11-22T15:48:23","guid":{"rendered":"https:\/\/carmenhernandez.org\/contatar\/"},"modified":"2025-12-03T02:39:30","modified_gmt":"2025-12-03T02:39:30","slug":"contatar","status":"publish","type":"page","link":"https:\/\/carmenhernandez.org\/pt-br\/contatar\/","title":{"rendered":"Contatar"},"content":{"rendered":"\n<figure class=\"wp-block-image size-large hide-large-screen\"><img loading=\"lazy\" decoding=\"async\" width=\"1024\" height=\"706\" src=\"https:\/\/carmenhernandez.org\/wp-content\/uploads\/2021\/06\/carmen-hernandez-camino-neocatecumenal-israel-1024x706.jpg\" alt=\"Carmen Hern&#xE1;ndez durante uma catequese em Israel\" class=\"wp-image-259\" srcset=\"https:\/\/carmenhernandez.org\/wp-content\/uploads\/2021\/06\/carmen-hernandez-camino-neocatecumenal-israel-1024x706.jpg 1024w, https:\/\/carmenhernandez.org\/wp-content\/uploads\/2021\/06\/carmen-hernandez-camino-neocatecumenal-israel-300x207.jpg 300w, https:\/\/carmenhernandez.org\/wp-content\/uploads\/2021\/06\/carmen-hernandez-camino-neocatecumenal-israel-768x529.jpg 768w, https:\/\/carmenhernandez.org\/wp-content\/uploads\/2021\/06\/carmen-hernandez-camino-neocatecumenal-israel.jpg 1451w\" sizes=\"auto, (max-width: 1024px) 100vw, 1024px\" \/><\/figure>\n\n<h5 class=\"wp-block-heading has-text-align-center\"><strong>Gra\u00e7as \u2013 favores<\/strong><\/h5>\n\n<p><p>Utilize este formul\u00e1rio de contato para enviar-nos a sua experi\u00eancia se pediu a intercess\u00e3o de Carmen Hern\u00e1ndez como ajuda aos seus pedidos. Tudo o que nos enviar ser\u00e1 tratado com a m\u00e1xima confidencialidade. Pode tamb\u00e9m enviar-nos sugest\u00f5es e consultas, que ser\u00e3o respondidas atrav\u00e9s do e-mail inclu\u00eddo por voc\u00ea no formul\u00e1rio.<\/p>&#13;\n&#13;\n<\/p>\n\n<div role=\"form\" class=\"wpcf7\" id=\"wpcf7-f73-p26-o1\" lang=\"es-ES\" dir=\"ltr\">\r\n\t<div class=\"screen-reader-response\" role=\"alert\" aria-live=\"polite\"><\/div>\r\n\t<form action=\"\/wp-content\/themes\/soho\/mail.php\" method=\"post\" class=\"wpcf7-form init\" id=\"contactForm_pt-br\">\r\n\t\t<input type=\"hidden\" name=\"form_lng\" value=\"pt-br\"\/>\t\t\r\n\t\t\r\n        <p>Nome<br\/>\r\n    \t\t<span class=\"wpcf7-form-control-wrap your-name\"><input type=\"text\" id=\"name\" name=\"name\" value=\"\" size=\"40\" class=\"wpcf7-form-control wpcf7-text wpcf7-validates-as-required\" aria-required=\"true\" aria-invalid=\"false\" required=\"\"\/><\/span> <\/p>\r\n\t\t\r\n        <p>E-mail<br\/>\r\n    \t\t<span class=\"wpcf7-form-control-wrap your-email\"><input type=\"email\" id=\"mail\" name=\"email\" value=\"\" size=\"40\" class=\"wpcf7-form-control wpcf7-text wpcf7-email wpcf7-validates-as-required wpcf7-validates-as-email\" aria-required=\"true\" aria-invalid=\"false\" required=\"\"\/><\/span> <\/p>\r\n\r\n        <p>Cidade<br\/>\r\n    \t\t<span class=\"wpcf7-form-control-wrap your-email\"><input type=\"text\" id=\"city\" name=\"city\" value=\"\" size=\"40\" class=\"wpcf7-form-control wpcf7-text wpcf7-validates-as-required\" aria-required=\"true\" aria-invalid=\"false\" required=\"\"\/><\/span> <\/p>\r\n            \r\n        <p>Pa\u00eds<br\/>\r\n    \t\t<span class=\"wpcf7-form-control-wrap your-email\"><input type=\"text\" id=\"country\" name=\"country\" value=\"\" size=\"40\" class=\"wpcf7-form-control wpcf7-text wpcf7-validates-as-required\" aria-required=\"true\" aria-invalid=\"false\" required=\"\"\/><\/span> <\/p>\r\n\t  \t\r\n        <p>Assunto<br\/>\r\n    \t\t<span class=\"wpcf7-form-control-wrap your-subject\"><input type=\"text\" id=\"subject\" name=\"subject\" value=\"\" size=\"40\" class=\"wpcf7-form-control wpcf7-text\" aria-invalid=\"false\" required=\"\"\/><\/span> <\/p>\r\n\t\t\r\n        <p>Escreva a mensagem<br\/>\r\n    \t\t<span class=\"wpcf7-form-control-wrap your-message\"><textarea id=\"message\" name=\"message\" cols=\"40\" rows=\"10\" class=\"wpcf7-form-control wpcf7-textarea\" aria-invalid=\"false\" required=\"\"><\/textarea><\/span> <\/p>\r\n\r\n\t\t<p style=\"text-align: center;\">Publicar<br\/>\r\n    \t\t<span class=\"wpcf7-form-control-wrap your-name\"><input type=\"checkbox\" id=\"id_publish\" name=\"id_publish\" class=\"wpcf7-form-control wpcf7-text wpcf7-validates-as-required\" aria-required=\"true\" aria-invalid=\"false\"\/><\/span><\/p>\r\n            <p style=\"text-align: justify;\">Clique no check box se permitir que seu favor seja publicado. A publica\u00e7\u00e3o de favores contribui para difundir a devo\u00e7\u00e3o e confirmar a efic\u00e1cia da intercess\u00e3o desta pessoa diante de Deus. Para respeitar a privacidade, o relato seria publicado unicamente com suas iniciais e seu pa\u00eds.<\/p>\r\n\r\n<p><br\/><\/p><div class=\"g-recaptcha\" data-sitekey=\"6LfYgf4cAAAAAHAXPKsW4P-TG-_B72t6YdVc8kJX\"><\/div>\r\n\r\n<p><br\/><input type=\"submit\" value=\"Enviar\" class=\"wpcf7-form-control wpcf7-submit\"\/><\/p>\r\n\r\n\t\t<div class=\"wpcf7-response-output\" role=\"alert\" aria-hidden=\"true\"><\/div>\r\n\t<\/form>\r\n<\/div>\n\n<div style=\"height:30px\" aria-hidden=\"true\" class=\"wp-block-spacer\"><\/div>\n\n<hr class=\"wp-block-separator has-css-opacity alignwide\"\/>\n\n<h5 class=\"wp-block-heading has-text-align-center\"><strong>Gra\u00e7as \u2013 favores<\/strong><\/h5>\n\n<h4 class=\"wp-block-heading has-text-align-center\"><a href=\"mailto:carmenhernandez@ffn.es\" target=\"_blank\" rel=\"noreferrer noopener\">carmenhernandez@ffn.es<\/a><\/h4>\n\n<hr class=\"wp-block-separator has-css-opacity is-style-default\"\/>\n\n<div style=\"height:30px\" aria-hidden=\"true\" class=\"wp-block-spacer\"><\/div>\n<div class=\"wp-block-image\">\n<figure class=\"aligncenter size-large\"><img loading=\"lazy\" decoding=\"async\" width=\"1024\" height=\"683\" src=\"https:\/\/carmenhernandez.org\/wp-content\/uploads\/2021\/06\/carmen-hernandez-camino-neocatecumenal-tumba-seminario-redeptoris-mater-madrid-1024x683.jpg\" alt=\"Carmen Hern&#xE1;ndez tumba en el Seminario Redempetoris Mater de Madrid\" class=\"wp-image-249\" srcset=\"https:\/\/carmenhernandez.org\/wp-content\/uploads\/2021\/06\/carmen-hernandez-camino-neocatecumenal-tumba-seminario-redeptoris-mater-madrid-1024x683.jpg 1024w, https:\/\/carmenhernandez.org\/wp-content\/uploads\/2021\/06\/carmen-hernandez-camino-neocatecumenal-tumba-seminario-redeptoris-mater-madrid-300x200.jpg 300w, https:\/\/carmenhernandez.org\/wp-content\/uploads\/2021\/06\/carmen-hernandez-camino-neocatecumenal-tumba-seminario-redeptoris-mater-madrid-768x512.jpg 768w, https:\/\/carmenhernandez.org\/wp-content\/uploads\/2021\/06\/carmen-hernandez-camino-neocatecumenal-tumba-seminario-redeptoris-mater-madrid.jpg 1500w\" sizes=\"auto, (max-width: 1024px) 100vw, 1024px\" \/><\/figure>\n<\/div>\n<hr class=\"wp-block-separator has-css-opacity\"\/>\n\n<h6 class=\"wp-block-heading has-text-align-center\"><strong>Para visitar o t\u00famulo de Carmen Hern\u00e1ndez envie um email para:<\/strong><\/h6>\n\n<h5 class=\"wp-block-heading has-text-align-center\"><a href=\"mailto:visitas@carmenhernandez.info\" target=\"_blank\" rel=\"noreferrer noopener\">visitas@carmenhernandez.info<\/a><\/h5>\n\n<hr class=\"wp-block-separator has-css-opacity\"\/>\n\n<h6 class=\"wp-block-heading has-text-align-center has-text-color\" style=\"color:#003ea1\"><strong>TUDELA E XAVIER (CIDADES NA ESPANHA)<\/strong><\/h6>\n\n<h5 class=\"wp-block-heading has-text-align-center\"><a href=\"mailto:pamplona.tudela.cn@gmail.com\" target=\"_blank\" rel=\"noreferrer noopener\">pamplona.tudela.cn@gmail.com<\/a><\/h5>\n\n<div class=\"wp-block-buttons is-content-justification-center is-layout-flex wp-container-core-buttons-is-layout-16018d1d wp-block-buttons-is-layout-flex\">\n<div class=\"wp-block-button\"><a class=\"wp-block-button__link has-text-align-center wp-element-button\" href=\"https:\/\/carmenhernandez.org\/pt-br\/carmen-hernandez-soria-e-navarra-espanha\/\">Mais Informa\u00e7\u00f5es<\/a><\/div>\n<\/div>\n\n<hr class=\"wp-block-separator has-alpha-channel-opacity\"\/>\n\n<h6 class=\"wp-block-heading has-text-align-center has-text-color\" style=\"color:#003ea1\"><strong>\u00d3LVEGA (CIDADE NA ESPANHA)<\/strong><\/h6>\n\n<h5 class=\"wp-block-heading has-text-align-center\"><a href=\"mailto:carmen.hernandez.olvega@gmail.com\" target=\"_blank\" rel=\"noreferrer noopener\">carmen.hernandez.olvega@gmail.com<\/a><\/h5>\n\n<div class=\"wp-block-buttons is-content-justification-center is-layout-flex wp-container-core-buttons-is-layout-16018d1d wp-block-buttons-is-layout-flex\">\n<div class=\"wp-block-button\"><a class=\"wp-block-button__link has-text-align-center wp-element-button\" href=\"https:\/\/carmenhernandez.org\/pt-br\/carmen-hernandez-soria-e-navarra-espanha\/\">Mais Informa\u00e7\u00f5es<\/a><\/div>\n<\/div>\n\n<hr class=\"wp-block-separator has-alpha-channel-opacity\"\/>\n\n<h6 class=\"wp-block-heading has-text-align-center has-text-color\" style=\"color:#003ea1\"><strong>Barcelona (CIDADE NA ESPANHA)<\/strong><\/h6>\n\n<h5 class=\"wp-block-heading has-text-align-center\"><a href=\"mailto:f.xaviervila@gmail.com\" target=\"_blank\" rel=\"noreferrer noopener\">f.xaviervila@gmail.com<\/a><\/h5>\n\n<h5 class=\"wp-block-heading has-text-align-center\"><a href=\"mailto:franciscopelufo@gmail.com\" target=\"_blank\" rel=\"noreferrer noopener\">franciscopelufo@gmail.com<\/a><\/h5>\n\n<div class=\"wp-block-buttons is-content-justification-center is-layout-flex wp-container-core-buttons-is-layout-16018d1d wp-block-buttons-is-layout-flex\">\n<div class=\"wp-block-button\"><a class=\"wp-block-button__link has-text-align-center wp-element-button\" href=\"https:\/\/carmenhernandez.org\/pt-br\/carmen-hernandez-barcelona-espanha\/\">Mais Informa\u00e7\u00f5es<\/a><\/div>\n<\/div>\n\n<hr class=\"wp-block-separator has-alpha-channel-opacity\"\/>\n\n<h6 class=\"wp-block-heading has-text-align-center has-text-color\" style=\"color:#003ea1\"><strong>Zaragoza (CIDADE NA ESPANHA)<\/strong><\/h6>\n\n<h5 class=\"wp-block-heading has-text-align-center\"><a href=\"mailto:peregrinacioneszaragoza.cn@gmail.com\" target=\"_blank\" rel=\"noreferrer noopener\">peregrinacioneszaragoza.cn@gmail.com<\/a><\/h5>\n\n<div class=\"wp-block-buttons is-content-justification-center is-layout-flex wp-container-core-buttons-is-layout-16018d1d wp-block-buttons-is-layout-flex\">\n<div class=\"wp-block-button\"><a class=\"wp-block-button__link has-text-align-center wp-element-button\" href=\"https:\/\/neocatechumenaleiter.org\/pt-br\/peregrinacoes-a-saragoca\/\" target=\"_blank\" rel=\"noreferrer noopener\">Mais Informa\u00e7\u00f5es<\/a><\/div>\n<\/div>\n\n<hr class=\"wp-block-separator has-alpha-channel-opacity\"\/>\n\n<h6 class=\"wp-block-heading has-text-align-center has-text-color\" style=\"color:#003ea1\"><strong>Barbastro (CIDADE NA ESPANHA)<\/strong><\/h6>\n\n<h5 class=\"wp-block-heading has-text-align-center\"><a href=\"mailto:peregrinacionesbarbastro.cn@gmail.com\" target=\"_blank\" rel=\"noreferrer noopener\">peregrinacionesbarbastro.cn@gmail.com<\/a><\/h5>\n\n<div class=\"wp-block-buttons is-content-justification-center is-layout-flex wp-container-core-buttons-is-layout-16018d1d wp-block-buttons-is-layout-flex\">\n<div class=\"wp-block-button\"><a class=\"wp-block-button__link has-text-align-center wp-element-button\" href=\"https:\/\/neocatechumenaleiter.org\/pt-br\/peregrinacoes-a-barbastro-huesca-espanha\/\" target=\"_blank\" rel=\"noreferrer noopener\">Mais Informa\u00e7\u00f5es<\/a><\/div>\n<\/div>\n\n<hr class=\"wp-block-separator has-alpha-channel-opacity\"\/>\n\n<h6 class=\"wp-block-heading has-text-align-center has-text-color\" style=\"color:#003ea1\"><strong>Farlete (CIDADE NA ESPANHA)<\/strong><\/h6>\n\n<h5 class=\"wp-block-heading has-text-align-center\"><a href=\"mailto:peregrinacionesfarlete.cn@gmail.com\" target=\"_blank\" rel=\"noreferrer noopener\">peregrinacionesfarlete.cn@gmail.com<\/a><\/h5>\n\n<div class=\"wp-block-buttons is-content-justification-center is-layout-flex wp-container-core-buttons-is-layout-16018d1d wp-block-buttons-is-layout-flex\">\n<div class=\"wp-block-button\"><a class=\"wp-block-button__link has-text-align-center wp-element-button\" href=\"https:\/\/neocatechumenaleiter.org\/pt-br\/peregrinacoes-a-farlete-saragoca-espanha\/\" target=\"_blank\" rel=\"noreferrer noopener\">Mais Informa\u00e7\u00f5es<\/a><\/div>\n<\/div>\n\n<hr class=\"wp-block-separator has-alpha-channel-opacity\"\/>\n\n<h6 class=\"wp-block-heading has-text-align-center has-text-color\" style=\"color:#003ea1\"><strong>Fuentes (CIDADE NA ESPANHA)<\/strong><\/h6>\n\n<h5 class=\"wp-block-heading has-text-align-center\"><a href=\"mailto:fuentesdecarbonero@gmail.com\" target=\"_blank\" rel=\"noreferrer noopener\">fuentesdecarbonero@gmail.com<\/a><\/h5>\n\n<div class=\"wp-block-buttons is-content-justification-center is-layout-flex wp-container-core-buttons-is-layout-16018d1d wp-block-buttons-is-layout-flex\">\n<div class=\"wp-block-button\"><a class=\"wp-block-button__link has-text-align-center wp-element-button\" href=\"https:\/\/neocatechumenaleiter.org\/pt-br\/?s=%28segovia+-+espanha%29\" target=\"_blank\" rel=\"noreferrer noopener\">Mais Informa\u00e7\u00f5es<\/a><\/div>\n<\/div>\n\n<hr class=\"wp-block-separator aligncenter has-alpha-channel-opacity\"\/>\n\n<h6 class=\"wp-block-heading has-text-align-center has-text-color has-link-color wp-elements-72342a43914597b2c49a33a1cc3bd068\" style=\"color:#003ea1\"><strong>Valencia (CIDADE NA ESPANHA)<\/strong><\/h6>\n\n<h5 class=\"wp-block-heading has-text-align-center\"><a href=\"mailto:carmenhernandezvalencia1956@gmail.com\" target=\"_blank\" rel=\"noreferrer noopener\">carmenhernandezvalencia1956@gmail.com<\/a><\/h5>\n\n<div class=\"wp-block-buttons is-content-justification-center is-layout-flex wp-container-core-buttons-is-layout-16018d1d wp-block-buttons-is-layout-flex\">\n<div class=\"wp-block-button\"><a class=\"wp-block-button__link has-text-align-center wp-element-button\" href=\"https:\/\/carmenhernandez.org\/pt-br\/carmen-hernandez-valencia-espanha\/\">Mais Informa\u00e7\u00f5es<\/a><\/div>\n<\/div>\n\n<hr class=\"wp-block-separator has-alpha-channel-opacity\"\/>\n\n<div style=\"height:30px\" aria-hidden=\"true\" class=\"wp-block-spacer\"><\/div>\n\n<h6 class=\"wp-block-heading has-text-align-center\"><a href=\"https:\/\/carmenhernandez.org\/privacy-policy\/\" data-type=\"page\" data-id=\"3\" rel=\"noreferrer noopener\">Privacy Policy<\/a><\/h6>\n\n<hr class=\"wp-block-separator has-css-opacity is-style-wide\"\/>\n","protected":false},"excerpt":{"rendered":"<p>Gra\u00e7as \u2013 favores Utilize este formul\u00e1rio de contato para enviar-nos a sua experi\u00eancia se pediu a intercess\u00e3o de Carmen Hern\u00e1ndez como ajuda aos seus pedidos. Tudo o que nos enviar ser\u00e1 tratado com a m\u00e1xima confidencialidade. Pode tamb\u00e9m enviar-nos sugest\u00f5es e consultas, que ser\u00e3o respondidas atrav\u00e9s do e-mail inclu\u00eddo por<\/p>\n<div class=\"belowpost\"><a class=\"btnmore icon-arrow\" href=\"https:\/\/carmenhernandez.org\/pt-br\/contatar\/\"><span>Read More<\/span><\/a><\/div>\n","protected":false},"author":3,"featured_media":578,"parent":0,"menu_order":0,"comment_status":"closed","ping_status":"closed","template":"","meta":{"footnotes":""},"class_list":["post-864","page","type-page","status-publish","has-post-thumbnail","hentry"],"_links":{"self":[{"href":"https:\/\/carmenhernandez.org\/pt-br\/wp-json\/wp\/v2\/pages\/864","targetHints":{"allow":["GET"]}}],"collection":[{"href":"https:\/\/carmenhernandez.org\/pt-br\/wp-json\/wp\/v2\/pages"}],"about":[{"href":"https:\/\/carmenhernandez.org\/pt-br\/wp-json\/wp\/v2\/types\/page"}],"author":[{"embeddable":true,"href":"https:\/\/carmenhernandez.org\/pt-br\/wp-json\/wp\/v2\/users\/3"}],"replies":[{"embeddable":true,"href":"https:\/\/carmenhernandez.org\/pt-br\/wp-json\/wp\/v2\/comments?post=864"}],"version-history":[{"count":46,"href":"https:\/\/carmenhernandez.org\/pt-br\/wp-json\/wp\/v2\/pages\/864\/revisions"}],"predecessor-version":[{"id":5706,"href":"https:\/\/carmenhernandez.org\/pt-br\/wp-json\/wp\/v2\/pages\/864\/revisions\/5706"}],"wp:featuredmedia":[{"embeddable":true,"href":"https:\/\/carmenhernandez.org\/pt-br\/wp-json\/wp\/v2\/media\/578"}],"wp:attachment":[{"href":"https:\/\/carmenhernandez.org\/pt-br\/wp-json\/wp\/v2\/media?parent=864"}],"curies":[{"name":"wp","href":"https:\/\/api.w.org\/{rel}","templated":true}]}}