{"id":868,"date":"2021-10-10T19:43:16","date_gmt":"2021-10-10T19:43:16","guid":{"rendered":"https:\/\/carmenhernandez.org\/mensagem-enviada\/"},"modified":"2021-11-05T02:27:36","modified_gmt":"2021-11-05T02:27:36","slug":"mensagem-enviada","status":"publish","type":"page","link":"https:\/\/carmenhernandez.org\/pt-br\/mensagem-enviada\/","title":{"rendered":"Mensagem enviada"},"content":{"rendered":"\n<div style=\"height:30px\" aria-hidden=\"true\" class=\"wp-block-spacer\"><\/div>\n\n<figure class=\"wp-block-pullquote\"><blockquote><p>Sua mensagem foi enviada corretamente<\/p><cite>Responderemos ao endere\u00e7o eletr\u00f4nico registrado no formul\u00e1rio se for necess\u00e1rio.<\/cite><\/blockquote><\/figure>\n\n<div style=\"height:20px\" aria-hidden=\"true\" class=\"wp-block-spacer\"><\/div>\n\n<p class=\"has-text-align-left\">Recebemos teu e-mail com o testemunho da intercess\u00e3o de Carmen Hern\u00e1ndez. O relato foi adicionado aos &#8220;Documentos&#8221; necess\u00e1rios para o Processo de Beatifica\u00e7\u00e3o. Muito obrigado. A paz. Centro Neocatecumenal de Madri.<\/p>\n\n<div style=\"height:18px\" aria-hidden=\"true\" class=\"wp-block-spacer\"><\/div>\n\n<hr class=\"wp-block-separator is-style-wide\"\/>\n","protected":false},"excerpt":{"rendered":"<p>Sua mensagem foi enviada corretamente Responderemos ao endere\u00e7o eletr\u00f4nico registrado no formul\u00e1rio se for necess\u00e1rio. Recebemos teu e-mail com o testemunho da intercess\u00e3o de Carmen Hern\u00e1ndez. O relato foi adicionado aos &#8220;Documentos&#8221; necess\u00e1rios para o Processo de Beatifica\u00e7\u00e3o. Muito obrigado. A paz. Centro Neocatecumenal de Madri.<\/p>\n","protected":false},"author":3,"featured_media":728,"parent":0,"menu_order":0,"comment_status":"closed","ping_status":"closed","template":"","meta":{"footnotes":""},"class_list":["post-868","page","type-page","status-publish","has-post-thumbnail","hentry"],"_links":{"self":[{"href":"https:\/\/carmenhernandez.org\/pt-br\/wp-json\/wp\/v2\/pages\/868","targetHints":{"allow":["GET"]}}],"collection":[{"href":"https:\/\/carmenhernandez.org\/pt-br\/wp-json\/wp\/v2\/pages"}],"about":[{"href":"https:\/\/carmenhernandez.org\/pt-br\/wp-json\/wp\/v2\/types\/page"}],"author":[{"embeddable":true,"href":"https:\/\/carmenhernandez.org\/pt-br\/wp-json\/wp\/v2\/users\/3"}],"replies":[{"embeddable":true,"href":"https:\/\/carmenhernandez.org\/pt-br\/wp-json\/wp\/v2\/comments?post=868"}],"version-history":[{"count":4,"href":"https:\/\/carmenhernandez.org\/pt-br\/wp-json\/wp\/v2\/pages\/868\/revisions"}],"predecessor-version":[{"id":1146,"href":"https:\/\/carmenhernandez.org\/pt-br\/wp-json\/wp\/v2\/pages\/868\/revisions\/1146"}],"wp:featuredmedia":[{"embeddable":true,"href":"https:\/\/carmenhernandez.org\/pt-br\/wp-json\/wp\/v2\/media\/728"}],"wp:attachment":[{"href":"https:\/\/carmenhernandez.org\/pt-br\/wp-json\/wp\/v2\/media?parent=868"}],"curies":[{"name":"wp","href":"https:\/\/api.w.org\/{rel}","templated":true}]}}