{"id":873,"date":"2021-06-14T00:01:24","date_gmt":"2021-06-14T00:01:24","guid":{"rendered":"https:\/\/carmenhernandez.org\/rezar-a-carmen\/"},"modified":"2026-02-15T03:48:54","modified_gmt":"2026-02-15T03:48:54","slug":"rezar-a-carmen","status":"publish","type":"page","link":"https:\/\/carmenhernandez.org\/pt-br\/rezar-a-carmen\/","title":{"rendered":"Rezar a Carmen"},"content":{"rendered":"\n<div style=\"height:20px\" aria-hidden=\"true\" class=\"wp-block-spacer\"><\/div>\n\n\n<div class=\"wp-block-image hide-large-screen\">\n<figure class=\"aligncenter size-large\"><img loading=\"lazy\" decoding=\"async\" width=\"1024\" height=\"705\" src=\"https:\/\/carmenhernandez.org\/wp-content\/uploads\/2021\/06\/carmen-hernandez-camino-neocatecumenal-muralla-jerusalen-1024x705.jpg\" alt=\"Carmen Hern\u00e1ndez \u2013 Muro de Jerusal\u00e9m\" class=\"wp-image-231\" srcset=\"https:\/\/carmenhernandez.org\/wp-content\/uploads\/2021\/06\/carmen-hernandez-camino-neocatecumenal-muralla-jerusalen-1024x705.jpg 1024w, https:\/\/carmenhernandez.org\/wp-content\/uploads\/2021\/06\/carmen-hernandez-camino-neocatecumenal-muralla-jerusalen-300x207.jpg 300w, https:\/\/carmenhernandez.org\/wp-content\/uploads\/2021\/06\/carmen-hernandez-camino-neocatecumenal-muralla-jerusalen-768x529.jpg 768w, https:\/\/carmenhernandez.org\/wp-content\/uploads\/2021\/06\/carmen-hernandez-camino-neocatecumenal-muralla-jerusalen.jpg 1210w\" sizes=\"auto, (max-width: 1024px) 100vw, 1024px\" \/><\/figure>\n<\/div>\n\n\n<p>Nasce em \u00d3lvega (Espanha), em 24 de novembro de 1930. Passa sua inf\u00e2ncia em Tudela (Espanha). Desde menina sente a voca\u00e7\u00e3o mission\u00e1ria sob a influ\u00eancia do esp\u00edrito de S\u00e3o Francisco Xavier. Estuda Ci\u00eancias Qu\u00edmicas na Universidade de Madri. Durante alguns anos participa do \u201cInstituto de Mission\u00e1rias de Cristo Jesus\u201d e estuda Teologia em Val\u00eancia (Espanha). Em 1964 conhece Kiko Arg\u00fcello na favela de \u201cPalomeras Altas\u201d de Madri. E depois de anunciar o Evangelho aos pobres com os quais vivem, o Senhor os leva a uma s\u00edntese teol\u00f3gico-catequ\u00e9tica baseada na Palavra de Deus, na Liturgia e na Comunidade, que ser\u00e1 a base do Caminho Neocatecumenal, cujo Estatuto foi aprovado pela Santa S\u00e9 em 2008. O ent\u00e3o Arcebispo de Madri, Dom Casimiro Morcillo, anima-os a difundi-lo nas par\u00f3quias. Durante mais de 50 anos, acompanhada de Kiko Arg\u00fcello, deu sua vida anunciando o Evangelho no mundo inteiro. Tinha um amor imenso a Jesus Cristo, \u00e0 Igreja e \u00e0 Virgem, ao Papa, \u00e0 Liturgia, \u00e0 Sagrada Escritura e \u00e0s ra\u00edzes hebraicas do cristianismo. Morre em Madri em 19 de julho de 2016.<\/p>\n\n\n\n<div style=\"height:30px\" aria-hidden=\"true\" class=\"wp-block-spacer\"><\/div>\n\n\n\n<h4 class=\"wp-block-heading has-text-align-center\">ORA\u00c7\u00c3O PARA A DEVO\u00c7\u00c3O PRIVADA<\/h4>\n\n\n\n<h6 class=\"wp-block-heading has-text-align-center\">Para pedir gra\u00e7as e favores por intercess\u00e3o de Carmen Hern\u00e1ndez<\/h6>\n\n\n\n<hr class=\"wp-block-separator has-alpha-channel-opacity\"\/>\n\n\n\n<h6 class=\"wp-block-heading has-text-align-center\" id=\"block-3d7eaf8b-e1c4-410c-8e70-0f92129481ca\"><strong>\u00d3 Deus,<\/strong><\/h6>\n\n\n\n<h6 class=\"wp-block-heading has-text-align-center\"><strong>que, elegendo a serva de Deus Carmen Hern\u00e1ndez<\/strong><\/h6>\n\n\n\n<h6 class=\"wp-block-heading has-text-align-center\"><strong>como coiniciadora do Caminho Neocatecumenal,<\/strong><\/h6>\n\n\n\n<h6 class=\"wp-block-heading has-text-align-center\"><strong>lhe concedeste um grande amor a Jesus Cristo e \u00e0 Igreja,<\/strong><\/h6>\n\n\n\n<h6 class=\"wp-block-heading has-text-align-center\"><strong> \u00e0s Sagradas Escrituras e \u00e0 ora\u00e7\u00e3o lit\u00fargica,<\/strong><\/h6>\n\n\n\n<h6 class=\"wp-block-heading has-text-align-center\"><strong>zelo ardente pelo an\u00fancio itinerante do Evangelho<\/strong><\/h6>\n\n\n\n<h6 class=\"wp-block-heading has-text-align-center\"><strong> e a fidelidade a ti na prova da cruz;<\/strong><\/h6>\n\n\n\n<h6 class=\"wp-block-heading has-text-align-center\"><strong>concede-me, por sua intercess\u00e3o,<\/strong><\/h6>\n\n\n\n<h6 class=\"wp-block-heading has-text-align-center\"><strong>ser fiel ao batismo que recebi<\/strong><\/h6>\n\n\n\n<h6 class=\"wp-block-heading has-text-align-center\"><strong>e, se for da tua vontade, a gra\u00e7a que te pe\u00e7o.<\/strong><\/h6>\n\n\n\n<h6 class=\"wp-block-heading has-text-align-center\"><strong>Por Jesus Cristo, nosso Senhor. Am\u00e9m.<\/strong><\/h6>\n\n\n\n<h6 class=\"wp-block-heading has-text-align-center\">Pai-Nosso, Ave-Maria, Gl\u00f3ria.<\/h6>\n\n\n\n<div style=\"height:30px\" aria-hidden=\"true\" class=\"wp-block-spacer\"><\/div>\n\n\n\n<p class=\"has-text-align-center\">De acordo com os decretos de Urbano VIII, em nada se pretende impedir<br>\r\no ju\u00edzo da autoridade da Igreja. COM LICEN\u00c7A ECLESI\u00c1STICA.<\/p>\n\n\n\n<div style=\"height:20px\" aria-hidden=\"true\" class=\"wp-block-spacer\"><\/div>\n\n\n\n<div class=\"wp-block-buttons is-content-justification-center is-layout-flex wp-container-core-buttons-is-layout-16018d1d wp-block-buttons-is-layout-flex\">\n<div class=\"wp-block-button is-style-outline is-style-outline--1\"><a class=\"wp-block-button__link wp-element-button\" href=\"https:\/\/carmenhernandez.org\/pt-br\/contatar\/\">Para comunicar gra\u00e7as e favores: causadecarmenhernandez@gmail.com<\/a><\/div>\n<\/div>\n\n\n\n<div style=\"height:30px\" aria-hidden=\"true\" class=\"wp-block-spacer\"><\/div>\n\n\n\n<figure class=\"wp-block-gallery has-nested-images columns-default is-cropped wp-block-gallery-2 is-layout-flex wp-block-gallery-is-layout-flex\">\n<figure class=\"wp-block-image size-full\"><img decoding=\"async\" data-id=\"3287\" src=\"https:\/\/carmenhernandez.org\/wp-content\/uploads\/2023\/03\/carmen-hernandez-serva-deus-oracao-pt-br-avso.jpg\" alt=\"\" class=\"wp-image-3287\"\/><\/figure>\n\n\n\n<figure class=\"wp-block-image size-full\"><img decoding=\"async\" data-id=\"3296\" src=\"https:\/\/carmenhernandez.org\/wp-content\/uploads\/2023\/03\/carmen-hernandez-serva-deus-oracao-pt-br-rvso.jpg\" alt=\"\" class=\"wp-image-3296\"\/><\/figure>\n<\/figure>\n\n\n\n<div style=\"height:20px\" aria-hidden=\"true\" class=\"wp-block-spacer\"><\/div>\n\n\n\n<h6 class=\"wp-block-heading has-text-align-center\">Download da estampa<\/h6>\n\n\n<div class=\"wp-block-image\">\n<figure class=\"aligncenter size-full\"><a href=\"https:\/\/carmenhernandez.org\/wp-content\/uploads\/2023\/03\/carmen-hernandez-serva-deus-oracao-pt-br.pdf\"><img loading=\"lazy\" decoding=\"async\" width=\"128\" height=\"128\" src=\"https:\/\/carmenhernandez.org\/wp-content\/uploads\/2021\/11\/icopdf.png\" alt=\"Carmen Hern\u00e1ndez PDF file download icon\" class=\"wp-image-1293\"\/><\/a><\/figure>\n<\/div>\n\n\n<div style=\"height:20px\" aria-hidden=\"true\" class=\"wp-block-spacer\"><\/div>\n\n\n\n<hr class=\"wp-block-separator has-css-opacity is-style-wide\"\/>\n\n\n\n<div style=\"height:20px\" aria-hidden=\"true\" class=\"wp-block-spacer\"><\/div>\n\n\n\n<div align=\"center\" class=\"wpml-ls-statics-shortcode_actions wpml-ls wpml-ls-legacy-list-horizontal\">\r\n\t<ul>\r\n    \t<!-- <li class=\"wpml-ls-slot-shortcode_actions wpml-ls-item wpml-ls-item-es wpml-ls-current-language wpml-ls-first-item wpml-ls-item-legacy-list-horizontal\">\r\n\t\t\t<a href=\"https:\/\/carmenhernandez.org\/pt-br\/rezar-a-carmen\/\" class=\"wpml-ls-link\">\r\n            \t<img loading=\"lazy\" decoding=\"async\" class=\"wpml-ls-flag\" src=\"https:\/\/carmenhernandez.org\/wp-content\/plugins\/sitepress-multilingual-cms\/res\/flags\/es.png\" alt=\"\" width=\"18\" height=\"12\"><span class=\"wpml-ls-native\">Espa\u00f1ol<\/span>\r\n            <\/a>\r\n\t\t<\/li>\r\n        \r\n        <li class=\"wpml-ls-slot-shortcode_actions wpml-ls-item wpml-ls-item-it wpml-ls-item-legacy-list-horizontal\">\r\n\t\t\t<a href=\"https:\/\/carmenhernandez.org\/pt-br\/rezar-a-carmen\/\" class=\"wpml-ls-link\">\r\n            \t<img loading=\"lazy\" decoding=\"async\" class=\"wpml-ls-flag\" src=\"https:\/\/carmenhernandez.org\/wp-content\/plugins\/sitepress-multilingual-cms\/res\/flags\/it.png\" alt=\"\" width=\"18\" height=\"12\"><span class=\"wpml-ls-native\" lang=\"it\">Italiano<\/span><\/a>\r\n\t\t<\/li>\r\n        \r\n        <li class=\"wpml-ls-slot-shortcode_actions wpml-ls-item wpml-ls-item-en wpml-ls-item-legacy-list-horizontal\">\r\n\t\t\t<a href=\"https:\/\/carmenhernandez.org\/pt-br\/rezar-a-carmen\/\" class=\"wpml-ls-link\">\r\n            \t<img loading=\"lazy\" decoding=\"async\" class=\"wpml-ls-flag\" src=\"https:\/\/carmenhernandez.org\/wp-content\/plugins\/sitepress-multilingual-cms\/res\/flags\/en.png\" alt=\"\" width=\"18\" height=\"12\"><span class=\"wpml-ls-native\" lang=\"en\">English<\/span><\/a>\r\n\t\t<\/li>\r\n        \r\n        <li class=\"wpml-ls-slot-shortcode_actions wpml-ls-item wpml-ls-item-pt-br wpml-ls-item-legacy-list-horizontal\">\r\n\t\t\t<a href=\"https:\/\/carmenhernandez.org\/pt-br\/rezar-a-carmen\/\" class=\"wpml-ls-link\">\r\n            \t<img loading=\"lazy\" decoding=\"async\" class=\"wpml-ls-flag\" src=\"https:\/\/carmenhernandez.org\/wp-content\/plugins\/sitepress-multilingual-cms\/res\/flags\/pt-br.png\" alt=\"\" width=\"18\" height=\"12\"><span class=\"wpml-ls-native\" lang=\"pt-br\">Portugu\u00eas<\/span><\/a>\r\n\t\t<\/li>\r\n        \r\n        <li class=\"wpml-ls-slot-shortcode_actions wpml-ls-item wpml-ls-item-fr wpml-ls-item-legacy-list-horizontal\">\r\n\t\t\t<a href=\"https:\/\/carmenhernandez.org\/pt-br\/rezar-a-carmen\/\" class=\"wpml-ls-link\">\r\n            \t<img loading=\"lazy\" decoding=\"async\" class=\"wpml-ls-flag\" src=\"https:\/\/carmenhernandez.org\/wp-content\/plugins\/sitepress-multilingual-cms\/res\/flags\/fr.png\" alt=\"\" width=\"18\" height=\"12\"><span class=\"wpml-ls-native\" lang=\"fr\">Fran\u00e7ais<\/span><\/a>\r\n\t\t<\/li>\r\n        \r\n        <li class=\"wpml-ls-slot-shortcode_actions wpml-ls-item wpml-ls-item-ru wpml-ls-item-legacy-list-horizontal\">\r\n\t\t\t<a href=\"https:\/\/carmenhernandez.org\/pt-br\/rezar-a-carmen\/\" class=\"wpml-ls-link\">\r\n            \t<img loading=\"lazy\" decoding=\"async\" class=\"wpml-ls-flag\" src=\"https:\/\/carmenhernandez.org\/wp-content\/plugins\/sitepress-multilingual-cms\/res\/flags\/ru.png\" alt=\"\" width=\"18\" height=\"12\"><span class=\"wpml-ls-native\" lang=\"ru\">\u0420\u0443\u0441\u0441\u043a\u0438\u0439<\/span><\/a>\r\n\t\t<\/li>\r\n        \r\n        <li class=\"wpml-ls-slot-shortcode_actions wpml-ls-item wpml-ls-item-uk wpml-ls-item-legacy-list-horizontal\">\r\n\t\t\t<a href=\"https:\/\/carmenhernandez.org\/pt-br\/rezar-a-carmen\/\" class=\"wpml-ls-link\">\r\n            \t<img loading=\"lazy\" decoding=\"async\" class=\"wpml-ls-flag\" src=\"https:\/\/carmenhernandez.org\/wp-content\/plugins\/sitepress-multilingual-cms\/res\/flags\/uk.png\" alt=\"\" width=\"18\" height=\"12\"><span class=\"wpml-ls-native\" lang=\"uk\">Ukrainian<\/span><\/a>\r\n\t\t<\/li>\r\n        \r\n        <li class=\"wpml-ls-slot-shortcode_actions wpml-ls-item wpml-ls-item-de wpml-ls-item-legacy-list-horizontal\">\r\n\t\t\t<a href=\"https:\/\/carmenhernandez.org\/pt-br\/rezar-a-carmen\/\" class=\"wpml-ls-link\">\r\n            \t<img loading=\"lazy\" decoding=\"async\" class=\"wpml-ls-flag\" src=\"https:\/\/carmenhernandez.org\/wp-content\/plugins\/sitepress-multilingual-cms\/res\/flags\/de.png\" alt=\"\" width=\"18\" height=\"12\"><span class=\"wpml-ls-native\" lang=\"de\">Deutsch<\/span><\/a>\r\n\t\t<\/li> -->\r\n        \r\n        <li class=\"wpml-ls-slot-shortcode_actions wpml-ls-item wpml-ls-item-hr wpml-ls-item-legacy-list-horizontal\">\r\n\t\t\t<a target=\"_blank\" href=\"https:\/\/neocatechumenaleiter.org\/hr\/moleci-po-zagovoru-carmen-hernandez\/\" class=\"wpml-ls-link\" rel=\"noopener\">\r\n            \t<img loading=\"lazy\" decoding=\"async\" class=\"wpml-ls-flag\" src=\"https:\/\/carmenhernandez.org\/wp-content\/plugins\/sitepress-multilingual-cms\/res\/flags\/hr.png\" alt=\"\" width=\"18\" height=\"12\"\/><span class=\"wpml-ls-native\" lang=\"hr\">Hrvatski<\/span><\/a>\r\n\t\t<\/li>\r\n        \r\n        <!-- <li class=\"wpml-ls-slot-shortcode_actions wpml-ls-item wpml-ls-item-pl wpml-ls-last-item wpml-ls-item-legacy-list-horizontal\">\r\n\t\t\t<a href=\"https:\/\/carmenhernandez.org\/pt-br\/rezar-a-carmen\/\" class=\"wpml-ls-link\">\r\n            \t<img loading=\"lazy\" decoding=\"async\" class=\"wpml-ls-flag\" src=\"https:\/\/carmenhernandez.org\/wp-content\/plugins\/sitepress-multilingual-cms\/res\/flags\/pl.png\" alt=\"\" width=\"18\" height=\"12\"><span class=\"wpml-ls-native\" lang=\"pl\">Polski<\/span><\/a>\r\n\t\t<\/li> -->\r\n        \r\n        <li class=\"wpml-ls-slot-shortcode_actions wpml-ls-item wpml-ls-item-nl wpml-ls-item-legacy-list-horizontal\">\r\n\t\t\t<a target=\"_blank\" href=\"https:\/\/neocatechumenaleiter.org\/nl\/bidden-op-voorspraak-van-carmen-hernandez\/\" class=\"wpml-ls-link\" rel=\"noopener\">\r\n            \t<img loading=\"lazy\" decoding=\"async\" class=\"wpml-ls-flag\" src=\"https:\/\/carmenhernandez.org\/wp-content\/plugins\/sitepress-multilingual-cms\/res\/flags\/nl.png\" alt=\"\" width=\"18\" height=\"12\"\/><span class=\"wpml-ls-native\" lang=\"nl\">Nederlands<\/span><\/a>\r\n\t\t<\/li>\r\n        \r\n        <li class=\"wpml-ls-slot-shortcode_actions wpml-ls-item wpml-ls-item-et wpml-ls-item-legacy-list-horizontal\">\r\n\t\t\t<a target=\"_blank\" href=\"https:\/\/neocatechumenaleiter.org\/et\/palvetades-carmeni-hernandezi-eestkoste-kaudu\/\" class=\"wpml-ls-link\" rel=\"noopener\">\r\n            \t<img loading=\"lazy\" decoding=\"async\" class=\"wpml-ls-flag\" src=\"https:\/\/carmenhernandez.org\/wp-content\/plugins\/sitepress-multilingual-cms\/res\/flags\/et.png\" alt=\"\" width=\"18\" height=\"12\"\/><span class=\"wpml-ls-native\" lang=\"et\">Eesti<\/span><\/a>\r\n\t\t<\/li>\r\n        \r\n        <li class=\"wpml-ls-slot-shortcode_actions wpml-ls-item wpml-ls-item-lv wpml-ls-item-legacy-list-horizontal\">\r\n\t\t\t<a target=\"_blank\" href=\"https:\/\/neocatechumenaleiter.org\/lv\/ludzoties-par-carmen-aizbildniecibu\/\" class=\"wpml-ls-link\" rel=\"noopener\">\r\n            \t<img loading=\"lazy\" decoding=\"async\" class=\"wpml-ls-flag\" src=\"https:\/\/carmenhernandez.org\/wp-content\/plugins\/sitepress-multilingual-cms\/res\/flags\/lv.png\" alt=\"\" width=\"18\" height=\"12\"\/><span class=\"wpml-ls-native\" lang=\"lv\">Latvie\u0161u<\/span><\/a>\r\n\t\t<\/li>\r\n        \r\n        <li class=\"wpml-ls-slot-shortcode_actions wpml-ls-item wpml-ls-item-lt wpml-ls-item-legacy-list-horizontal\">\r\n\t\t\t<a target=\"_blank\" href=\"https:\/\/neocatechumenaleiter.org\/lt\/malda-prasant-carmen-uztarimo\/\" class=\"wpml-ls-link\" rel=\"noopener\">\r\n            \t<img loading=\"lazy\" decoding=\"async\" class=\"wpml-ls-flag\" src=\"https:\/\/carmenhernandez.org\/wp-content\/plugins\/sitepress-multilingual-cms\/res\/flags\/lt.png\" alt=\"\" width=\"18\" height=\"12\"\/><span class=\"wpml-ls-native\" lang=\"lt\">Lietuvos<\/span><\/a>\r\n\t\t<\/li>\r\n        \r\n        <li class=\"wpml-ls-slot-shortcode_actions wpml-ls-item wpml-ls-item-sv wpml-ls-item-legacy-list-horizontal\">\r\n\t\t\t<a target=\"_blank\" href=\"https:\/\/neocatechumenaleiter.org\/sv\/att-be-genom-carmen-hernandez-forbon\/\" class=\"wpml-ls-link\" rel=\"noopener\">\r\n            \t<img loading=\"lazy\" decoding=\"async\" class=\"wpml-ls-flag\" src=\"https:\/\/carmenhernandez.org\/wp-content\/plugins\/sitepress-multilingual-cms\/res\/flags\/sv.png\" alt=\"\" width=\"18\" height=\"12\"\/><span class=\"wpml-ls-native\" lang=\"sv\">Svenska<\/span><\/a>\r\n\t\t<\/li>\r\n        \r\n        <li class=\"wpml-ls-slot-shortcode_actions wpml-ls-item wpml-ls-item-da wpml-ls-item-legacy-list-horizontal\">\r\n\t\t\t<a target=\"_blank\" href=\"https:\/\/neocatechumenaleiter.org\/da\/at-bede-ved-carmen-hernandez-forboen\/\" class=\"wpml-ls-link\" rel=\"noopener\">\r\n            \t<img loading=\"lazy\" decoding=\"async\" class=\"wpml-ls-flag\" src=\"https:\/\/carmenhernandez.org\/wp-content\/plugins\/sitepress-multilingual-cms\/res\/flags\/da.png\" alt=\"\" width=\"18\" height=\"12\"\/><span class=\"wpml-ls-native\" lang=\"da\">Dansk<\/span><\/a>\r\n\t\t<\/li>\r\n        \r\n        <li class=\"wpml-ls-slot-shortcode_actions wpml-ls-item wpml-ls-item-sw wpml-ls-item-legacy-list-horizontal\">\r\n\t\t\t<a target=\"_blank\" href=\"https:\/\/neocatechumenaleiter.org\/sw\/kusali-kwa-kupitia-maombezi-ya-carmen-hernandez\/\" class=\"wpml-ls-link\" rel=\"noopener\">\r\n            \t<img loading=\"lazy\" decoding=\"async\" class=\"wpml-ls-flag\" src=\"https:\/\/neocatechumenaleiter.org\/wp-content\/uploads\/flags\/sw.png\" alt=\"\" width=\"18\" height=\"12\"\/><span class=\"wpml-ls-native\" lang=\"sw\">Swahili<\/span><\/a>\r\n\t\t<\/li>\r\n        \r\n        <li class=\"wpml-ls-slot-shortcode_actions wpml-ls-item wpml-ls-item-ja wpml-ls-item-legacy-list-horizontal\">\r\n\t\t\t<a target=\"_blank\" href=\"https:\/\/neocatechumenaleiter.org\/ja\/%e3%82%ab%e3%83%ab%e3%83%a1%e3%83%b3%e3%83%bb%e3%82%a8%e3%83%ab%e3%83%8a%e3%83%b3%e3%83%87%e3%82%b9%e3%81%ae%e5%8f%96%e3%82%8a%e6%ac%a1%e3%81%8e%e3%82%92%e9%a1%98%e3%81%86%e3%80%82\/\" class=\"wpml-ls-link\" rel=\"noopener\">\r\n            \t<img loading=\"lazy\" decoding=\"async\" class=\"wpml-ls-flag\" src=\"https:\/\/carmenhernandez.org\/wp-content\/plugins\/sitepress-multilingual-cms\/res\/flags\/ja.png\" alt=\"\" width=\"18\" height=\"12\"\/><span class=\"wpml-ls-native\" lang=\"ja\">\u65e5\u672c\u8a9e<\/span><\/a>\r\n\t\t<\/li>\r\n        \r\n        <li class=\"wpml-ls-slot-shortcode_actions wpml-ls-item wpml-ls-item-ar wpml-ls-item-legacy-list-horizontal\">\r\n\t\t\t<a target=\"_blank\" href=\"https:\/\/neocatechumenaleiter.org\/ar\/%d8%b5%d9%84%d8%a7%d8%aa%d9%86%d8%a7-%d8%a8%d8%b4%d9%81%d8%a7%d8%b9%d8%a9%d9%83%d8%a7%d8%b1%d9%85%d9%86\/\" class=\"wpml-ls-link\" rel=\"noopener\">\r\n            \t<img loading=\"lazy\" decoding=\"async\" class=\"wpml-ls-flag\" src=\"https:\/\/neocatechumenaleiter.org\/wp-content\/uploads\/flags\/ar.png\" alt=\"\" width=\"18\" height=\"12\"\/><span class=\"wpml-ls-native\" lang=\"ar\">\u0627\u0644\u0639\u0631\u0628\u064a\u0629<\/span><\/a>\r\n\t\t<\/li>\r\n\t<\/ul>\r\n<\/div>\n\n\n\n<div style=\"height:20px\" aria-hidden=\"true\" class=\"wp-block-spacer\"><\/div>\n\n\n\n<hr class=\"wp-block-separator has-alpha-channel-opacity is-style-wide\"\/>\n","protected":false},"excerpt":{"rendered":"<p>Nasce em \u00d3lvega (Espanha), em 24 de novembro de 1930. Passa sua inf\u00e2ncia em Tudela (Espanha). Desde menina sente a voca\u00e7\u00e3o mission\u00e1ria sob a influ\u00eancia do esp\u00edrito de S\u00e3o Francisco Xavier. Estuda Ci\u00eancias Qu\u00edmicas na Universidade de Madri. Durante alguns anos participa do \u201cInstituto de Mission\u00e1rias de Cristo Jesus\u201d e<\/p>\n<div class=\"belowpost\"><a class=\"btnmore icon-arrow\" href=\"https:\/\/carmenhernandez.org\/pt-br\/rezar-a-carmen\/\"><span>Read More<\/span><\/a><\/div>\n","protected":false},"author":3,"featured_media":623,"parent":0,"menu_order":0,"comment_status":"closed","ping_status":"closed","template":"","meta":{"footnotes":""},"class_list":["post-873","page","type-page","status-publish","has-post-thumbnail","hentry"],"_links":{"self":[{"href":"https:\/\/carmenhernandez.org\/pt-br\/wp-json\/wp\/v2\/pages\/873","targetHints":{"allow":["GET"]}}],"collection":[{"href":"https:\/\/carmenhernandez.org\/pt-br\/wp-json\/wp\/v2\/pages"}],"about":[{"href":"https:\/\/carmenhernandez.org\/pt-br\/wp-json\/wp\/v2\/types\/page"}],"author":[{"embeddable":true,"href":"https:\/\/carmenhernandez.org\/pt-br\/wp-json\/wp\/v2\/users\/3"}],"replies":[{"embeddable":true,"href":"https:\/\/carmenhernandez.org\/pt-br\/wp-json\/wp\/v2\/comments?post=873"}],"version-history":[{"count":11,"href":"https:\/\/carmenhernandez.org\/pt-br\/wp-json\/wp\/v2\/pages\/873\/revisions"}],"predecessor-version":[{"id":4576,"href":"https:\/\/carmenhernandez.org\/pt-br\/wp-json\/wp\/v2\/pages\/873\/revisions\/4576"}],"wp:featuredmedia":[{"embeddable":true,"href":"https:\/\/carmenhernandez.org\/pt-br\/wp-json\/wp\/v2\/media\/623"}],"wp:attachment":[{"href":"https:\/\/carmenhernandez.org\/pt-br\/wp-json\/wp\/v2\/media?parent=873"}],"curies":[{"name":"wp","href":"https:\/\/api.w.org\/{rel}","templated":true}]}}